{"id":19163,"date":"2020-08-27T08:23:10","date_gmt":"2020-08-27T08:23:10","guid":{"rendered":"http:\/\/core\/privacy-policy\/"},"modified":"2026-05-16T11:33:40","modified_gmt":"2026-05-16T14:33:40","slug":"impressum","status":"publish","type":"page","link":"https:\/\/kundaliniactivation.eu\/en\/impressum\/","title":{"rendered":"Impressum"},"content":{"rendered":"\t\t<div data-elementor-type=\"wp-page\" data-elementor-id=\"19163\" class=\"elementor elementor-19163\" data-elementor-post-type=\"page\">\n\t\t\t\t\t\t<section data-particle_enable=\"false\" data-particle-mobile-disabled=\"false\" class=\"elementor-section elementor-top-section elementor-element elementor-element-4de060f4 elementor-section-boxed elementor-section-height-default elementor-section-height-default sc_fly_static\" data-id=\"4de060f4\" data-element_type=\"section\" data-e-type=\"section\" data-settings=\"{&quot;background_background&quot;:&quot;classic&quot;}\">\n\t\t\t\t\t\t<div class=\"elementor-container elementor-column-gap-extended\">\n\t\t\t\t\t<div class=\"elementor-column elementor-col-100 elementor-top-column elementor-element elementor-element-5cfeb41d sc_content_align_inherit sc_layouts_column_icons_position_left sc_fly_static\" data-id=\"5cfeb41d\" data-element_type=\"column\" data-e-type=\"column\">\n\t\t\t<div class=\"elementor-widget-wrap elementor-element-populated\">\n\t\t\t\t\t\t<div class=\"elementor-element elementor-element-5d29ff53 sc_fly_static elementor-widget elementor-widget-text-editor\" data-id=\"5d29ff53\" data-element_type=\"widget\" data-e-type=\"widget\" data-widget_type=\"text-editor.default\">\n\t\t\t\t<div class=\"elementor-widget-container\">\n\t\t\t\t\t\t\t\t\t<p>Impressum<\/p><p>Angaben gem\u00e4\u00df \u00a7 5 DDG<\/p><p>Kundalini Activation by Raissa Fernanda<br \/>eine Gesch\u00e4ftsbezeichnung von<\/p><p>Raissa Fernanda Barbosa Almeida<br \/>Einzelunternehmerin<br \/>Maillingerstra\u00dfe 4<br \/>80636 M\u00fcnchen<br \/>Deutschland<\/p><p>Inhaberin:<br \/>Raissa Fernanda Barbosa Almeida<\/p><p>Kontakt:<br \/>Telefon: +49 89 95420136<br \/>E Mail: <a href=\"mailto:info@kundaliniactivation.eu\">info@kundaliniactivation.eu<\/a><\/p><p>Steuernummer:<br \/>144\/106\/71809<\/p><p>Umsatzsteuer ID:<br \/>DE343538593<\/p><p>Verantwortlich f\u00fcr journalistisch redaktionelle Inhalte gem\u00e4\u00df \u00a7 18 Abs. 2 MStV:<\/p><p>Raissa Fernanda Barbosa Almeida<br \/>Maillingerstra\u00dfe 4<br \/>80636 M\u00fcnchen<br \/>Deutschland<\/p><p><br \/>Haftungsausschluss<\/p><p>Haftung f\u00fcr Inhalte<\/p><p>Als Diensteanbieterin bin ich gem\u00e4\u00df \u00a7 7 Abs. 1 DDG f\u00fcr eigene Inhalte auf diesen Seiten nach den allgemeinen Gesetzen verantwortlich. F\u00fcr die Richtigkeit, Vollst\u00e4ndigkeit und Aktualit\u00e4t der Inhalte \u00fcbernehme ich jedoch keine Gew\u00e4hr.<\/p><p>Nach den gesetzlichen Vorschriften bin ich nicht verpflichtet, \u00fcbermittelte oder gespeicherte fremde Informationen zu \u00fcberwachen oder nach Umst\u00e4nden zu forschen, die auf eine rechtswidrige T\u00e4tigkeit hinweisen.<\/p><p>Verpflichtungen zur Entfernung oder Sperrung der Nutzung von Informationen nach den allgemeinen Gesetzen bleiben hiervon unber\u00fchrt. Eine Haftung ist erst ab dem Zeitpunkt der Kenntnis einer konkreten Rechtsverletzung m\u00f6glich.<\/p><p>Bei Bekanntwerden entsprechender Rechtsverletzungen werde ich diese Inhalte umgehend entfernen.<\/p><p><br \/>Haftung f\u00fcr Links<\/p><p>Diese Website enth\u00e4lt Links zu externen Websites Dritter, auf deren Inhalte ich keinen Einfluss habe. F\u00fcr diese fremden Inhalte \u00fcbernehme ich keine Gew\u00e4hr.<\/p><p>F\u00fcr die Inhalte der verlinkten Seiten ist stets der jeweilige Anbieter oder Betreiber verantwortlich. Zum Zeitpunkt der Verlinkung waren keine rechtswidrigen Inhalte erkennbar.<\/p><p>Eine permanente inhaltliche Kontrolle der verlinkten Seiten ist ohne konkrete Anhaltspunkte einer Rechtsverletzung nicht zumutbar.<\/p><p>Bei Bekanntwerden von Rechtsverletzungen werde ich derartige Links umgehend entfernen.<\/p><p><br \/>Urheberrecht<\/p><p>Die durch mich erstellten Inhalte und Werke auf dieser Website unterliegen dem deutschen Urheberrecht.<\/p><p>Die Vervielf\u00e4ltigung, Bearbeitung, Verbreitung und jede Art der Verwertung au\u00dferhalb der Grenzen des Urheberrechts bed\u00fcrfen meiner schriftlichen Zustimmung.<\/p><p>Soweit Inhalte auf dieser Website nicht von mir erstellt wurden, werden die Urheberrechte Dritter beachtet. Inhalte Dritter werden als solche gekennzeichnet.<\/p><p>Sollten Sie trotzdem auf eine Urheberrechtsverletzung aufmerksam werden, bitte ich um einen entsprechenden Hinweis. Bei Bekanntwerden von Rechtsverletzungen werde ich derartige Inhalte umgehend entfernen.<\/p><p><br \/>Verbraucherstreitbeilegung<\/p><p>Ich bin nicht verpflichtet und nicht bereit, an Streitbeilegungsverfahren vor einer Verbraucherschlichtungsstelle teilzunehmen.<\/p>\t\t\t\t\t\t\t\t<\/div>\n\t\t\t\t<\/div>\n\t\t\t\t\t<\/div>\n\t\t<\/div>\n\t\t\t\t\t<\/div>\n\t\t<\/section>\n\t\t\t\t<\/div>\n\t\t","protected":false},"excerpt":{"rendered":"<p>Impressum Angaben gem\u00e4\u00df \u00a7 5 DDG Kundalini Activation by Raissa Fernandaeine Gesch\u00e4ftsbezeichnung von Raissa Fernanda Barbosa AlmeidaEinzelunternehmerinMaillingerstra\u00dfe 480636 M\u00fcnchenDeutschland Inhaberin:Raissa Fernanda Barbosa Almeida Kontakt:Telefon: +49 89 95420136E Mail: info@kundaliniactivation.eu Steuernummer:144\/106\/71809&hellip;<\/p>\n","protected":false},"author":8,"featured_media":0,"parent":0,"menu_order":0,"comment_status":"closed","ping_status":"closed","template":"","meta":{"footnotes":""},"class_list":["post-19163","page","type-page","status-publish","hentry"],"_links":{"self":[{"href":"https:\/\/kundaliniactivation.eu\/en\/wp-json\/wp\/v2\/pages\/19163","targetHints":{"allow":["GET"]}}],"collection":[{"href":"https:\/\/kundaliniactivation.eu\/en\/wp-json\/wp\/v2\/pages"}],"about":[{"href":"https:\/\/kundaliniactivation.eu\/en\/wp-json\/wp\/v2\/types\/page"}],"author":[{"embeddable":true,"href":"https:\/\/kundaliniactivation.eu\/en\/wp-json\/wp\/v2\/users\/8"}],"replies":[{"embeddable":true,"href":"https:\/\/kundaliniactivation.eu\/en\/wp-json\/wp\/v2\/comments?post=19163"}],"version-history":[{"count":3,"href":"https:\/\/kundaliniactivation.eu\/en\/wp-json\/wp\/v2\/pages\/19163\/revisions"}],"predecessor-version":[{"id":21524,"href":"https:\/\/kundaliniactivation.eu\/en\/wp-json\/wp\/v2\/pages\/19163\/revisions\/21524"}],"wp:attachment":[{"href":"https:\/\/kundaliniactivation.eu\/en\/wp-json\/wp\/v2\/media?parent=19163"}],"curies":[{"name":"wp","href":"https:\/\/api.w.org\/{rel}","templated":true}]}}