{"id":17325,"date":"2022-04-23T11:05:34","date_gmt":"2022-04-23T11:05:34","guid":{"rendered":"https:\/\/kundaliniactivation.eu\/?page_id=17325"},"modified":"2026-04-08T08:36:55","modified_gmt":"2026-04-08T11:36:55","slug":"home","status":"publish","type":"page","link":"https:\/\/kundaliniactivation.eu\/pt\/","title":{"rendered":"Ativa\u00e7\u00e3o Kundalini \u2013 por Gy &amp; Raissa"},"content":{"rendered":"<div data-elementor-type=\"wp-page\" data-elementor-id=\"17325\" class=\"elementor elementor-17325\" data-elementor-post-type=\"page\">\n\t\t\t\t\t\t<section class=\"elementor-section elementor-top-section elementor-element elementor-element-58ad7b3 elementor-section-full_width elementor-section-height-full sc_layouts_hide_on_mobile elementor-section-height-default elementor-section-items-middle sc_fly_static\" data-id=\"58ad7b3\" data-element_type=\"section\" data-settings=\"{&quot;background_background&quot;:&quot;classic&quot;}\">\n\t\t\t\t\t\t<div class=\"elementor-container elementor-column-gap-extended\">\n\t\t\t\t\t<div class=\"elementor-column elementor-col-100 elementor-top-column elementor-element elementor-element-f744caa sc_content_align_inherit sc_layouts_column_icons_position_left sc_fly_static\" data-id=\"f744caa\" data-element_type=\"column\">\n\t\t\t<div class=\"elementor-widget-wrap elementor-element-populated\">\n\t\t\t\t\t\t<div data-animation-type=\"sequental\" data-animation-stagger=\"\" class=\"elementor-element elementor-element-fbe7397 animation_type_sequental elementor-widget__width-inherit sc_fly_static elementor-invisible elementor-widget elementor-widget-trx_sc_title\" data-id=\"fbe7397\" data-element_type=\"widget\" data-settings=\"{&quot;_animation&quot;:&quot;prophet-fadeinup&quot;,&quot;_animation_delay&quot;:100}\" data-widget_type=\"trx_sc_title.default\">\n\t\t\t\t<div class=\"elementor-widget-container\">\n\t\t\t\t\t<div\t\tclass=\"sc_title sc_title_default\" ><span class=\"sc_item_subtitle sc_title_subtitle sc_align_center sc_item_subtitle_above sc_item_title_style_default\">Um processo energ\u00e9tico que inicia o despertar da Kundalini.<\/span><h1 class=\"sc_item_title sc_title_title sc_align_center sc_item_title_style_default sc_item_title_tag\"\n\t\t\t><span class=\"sc_item_title_text\">Ativa\u00e7\u00e3o da Kundalini <\/span><\/h1><\/div>\t\t\t\t<\/div>\n\t\t\t\t<\/div>\n\t\t\t\t<div data-animation-type=\"block\" class=\"elementor-element elementor-element-cf5c0e1 animation_type_block sc_fly_static elementor-invisible elementor-widget elementor-widget-trx_sc_button\" data-id=\"cf5c0e1\" data-element_type=\"widget\" data-settings=\"{&quot;_animation&quot;:&quot;prophet-fadeinup&quot;}\" data-widget_type=\"trx_sc_button.default\">\n\t\t\t\t<div class=\"elementor-widget-container\">\n\t\t\t\t\t<div\tclass=\"sc_item_button sc_button_wrap sc_align_center\" ><a href=\"https:\/\/kundaliniactivation.eu\/booking\/\" class=\"sc_button sc_button_default sc_button_size_normal sc_button_icon_left\" ><span class=\"sc_button_text\"><span class=\"sc_button_title\">Agende sua sess\u00e3o<\/span><\/span><\/a><\/div>\t\t\t\t<\/div>\n\t\t\t\t<\/div>\n\t\t\t\t\t<\/div>\n\t\t<\/div>\n\t\t\t\t\t<\/div>\n\t\t<\/section>\n\t\t\t\t<section class=\"elementor-section elementor-top-section elementor-element elementor-element-9c36331 elementor-section-full_width elementor-section-height-min-height sc_layouts_hide_on_desktop sc_layouts_hide_on_notebook sc_layouts_hide_on_tablet elementor-section-height-default elementor-section-items-middle sc_fly_static\" data-id=\"9c36331\" data-element_type=\"section\" data-settings=\"{&quot;background_background&quot;:&quot;classic&quot;}\">\n\t\t\t\t\t\t<div class=\"elementor-container elementor-column-gap-extended\">\n\t\t\t\t\t<div class=\"elementor-column elementor-col-100 elementor-top-column elementor-element elementor-element-b3dcc1f sc_content_align_inherit sc_layouts_column_icons_position_left sc_fly_static\" data-id=\"b3dcc1f\" data-element_type=\"column\">\n\t\t\t<div class=\"elementor-widget-wrap elementor-element-populated\">\n\t\t\t\t\t\t<div data-animation-type=\"sequental\" data-animation-stagger=\"\" class=\"elementor-element elementor-element-a9a6e26 animation_type_sequental elementor-widget__width-inherit sc_fly_static elementor-invisible elementor-widget elementor-widget-trx_sc_title\" data-id=\"a9a6e26\" data-element_type=\"widget\" data-settings=\"{&quot;_animation&quot;:&quot;prophet-fadeinup&quot;,&quot;_animation_delay&quot;:100}\" data-widget_type=\"trx_sc_title.default\">\n\t\t\t\t<div class=\"elementor-widget-container\">\n\t\t\t\t\t<div\t\tclass=\"sc_title sc_title_default\" ><span class=\"sc_item_subtitle sc_title_subtitle sc_align_center sc_item_subtitle_above sc_item_title_style_default\">Um processo energ\u00e9tico que inicia o despertar da Kundalini.<\/span><h1 class=\"sc_item_title sc_title_title sc_align_center sc_item_title_style_default sc_item_title_tag\"\n\t\t\t><span class=\"sc_item_title_text\">Ativa\u00e7\u00e3o da Kundalini<\/span><\/h1><\/div>\t\t\t\t<\/div>\n\t\t\t\t<\/div>\n\t\t\t\t<div data-animation-type=\"block\" class=\"elementor-element elementor-element-d4d00c7 animation_type_block sc_fly_static elementor-invisible elementor-widget elementor-widget-trx_sc_button\" data-id=\"d4d00c7\" data-element_type=\"widget\" data-settings=\"{&quot;_animation&quot;:&quot;prophet-fadeinup&quot;}\" data-widget_type=\"trx_sc_button.default\">\n\t\t\t\t<div class=\"elementor-widget-container\">\n\t\t\t\t\t<div\tclass=\"sc_item_button sc_button_wrap sc_align_center\" ><a href=\"https:\/\/kundaliniactivation.eu\/booking\/\" class=\"sc_button sc_button_default sc_button_size_normal sc_button_icon_left\" ><span class=\"sc_button_text\"><span class=\"sc_button_title\">Agende sua sess\u00e3o<\/span><\/span><\/a><\/div>\t\t\t\t<\/div>\n\t\t\t\t<\/div>\n\t\t\t\t\t<\/div>\n\t\t<\/div>\n\t\t\t\t\t<\/div>\n\t\t<\/section>\n\t\t\t\t<section class=\"elementor-section elementor-top-section elementor-element elementor-element-47dab6f elementor-section-full_width elementor-section-content-middle elementor-section-height-default elementor-section-height-default sc_fly_static\" data-id=\"47dab6f\" data-element_type=\"section\" data-settings=\"{&quot;background_background&quot;:&quot;classic&quot;}\">\n\t\t\t\t\t\t<div class=\"elementor-container elementor-column-gap-no\">\n\t\t\t\t\t<div class=\"elementor-column elementor-col-50 elementor-top-column elementor-element elementor-element-151f1dc2 sc_content_align_inherit sc_layouts_column_icons_position_left sc_fly_static\" data-id=\"151f1dc2\" data-element_type=\"column\" data-settings=\"{&quot;background_background&quot;:&quot;classic&quot;}\">\n\t\t\t<div class=\"elementor-widget-wrap elementor-element-populated\">\n\t\t\t\t\t\t<div class=\"elementor-element elementor-element-400b6f37 sc_height_huge sc_fly_static elementor-widget elementor-widget-spacer\" data-id=\"400b6f37\" data-element_type=\"widget\" data-widget_type=\"spacer.default\">\n\t\t\t\t<div class=\"elementor-widget-container\">\n\t\t\t\t\t\t\t<div class=\"elementor-spacer\">\n\t\t\t<div class=\"elementor-spacer-inner\"><\/div>\n\t\t<\/div>\n\t\t\t\t\t\t<\/div>\n\t\t\t\t<\/div>\n\t\t\t\t<section class=\"elementor-section elementor-inner-section elementor-element elementor-element-4f7a8ef8 elementor-section-boxed elementor-section-height-default elementor-section-height-default sc_fly_static\" data-id=\"4f7a8ef8\" data-element_type=\"section\" data-settings=\"{&quot;background_background&quot;:&quot;classic&quot;}\">\n\t\t\t\t\t\t<div class=\"elementor-container elementor-column-gap-no\">\n\t\t\t\t\t<div class=\"elementor-column elementor-col-50 elementor-inner-column elementor-element elementor-element-425dde20 sc_content_align_inherit sc_layouts_column_icons_position_left sc_fly_static\" data-id=\"425dde20\" data-element_type=\"column\">\n\t\t\t<div class=\"elementor-widget-wrap elementor-element-populated\">\n\t\t\t\t\t\t<div data-animation-type=\"block\" class=\"elementor-element elementor-element-64d1f3a no-title animation_type_block sc_fly_static elementor-invisible elementor-widget elementor-widget-image\" data-id=\"64d1f3a\" data-element_type=\"widget\" data-settings=\"{&quot;_animation&quot;:&quot;prophet-fadeinup&quot;}\" data-widget_type=\"image.default\">\n\t\t\t\t<div class=\"elementor-widget-container\">\n\t\t\t\t\t\t\t\t\t\t\t\t\t\t\t<img decoding=\"async\" src=\"https:\/\/kundaliniactivation.eu\/wp-content\/uploads\/elementor\/thumbs\/Captura-de-Tela-2025-04-19-as-18.59.48-r5uiyd8tdikhnuh6vx3z1tk6w64gmgtapssx7oug2g.png\" title=\"Captura de Tela 2025-04-19 \u00e0s 18.59.48\" alt=\"Captura de Tela 2025-04-19 a\u0300s 18.59.48\" loading=\"lazy\" \/>\t\t\t\t\t\t\t\t\t\t\t\t\t\t\t<\/div>\n\t\t\t\t<\/div>\n\t\t\t\t\t<\/div>\n\t\t<\/div>\n\t\t\t\t<div class=\"elementor-column elementor-col-50 elementor-inner-column elementor-element elementor-element-77851e5 sc_content_align_center sc_layouts_column_icons_position_left sc_fly_static\" data-id=\"77851e5\" data-element_type=\"column\">\n\t\t\t<div class=\"elementor-widget-wrap elementor-element-populated\">\n\t\t\t\t\t\t<div data-animation-type=\"block\" class=\"elementor-element elementor-element-58dc4b1 no-title animation_type_block sc_fly_static elementor-invisible elementor-widget elementor-widget-image\" data-id=\"58dc4b1\" data-element_type=\"widget\" data-settings=\"{&quot;_animation&quot;:&quot;prophet-fadeinup&quot;,&quot;_animation_delay&quot;:100}\" data-widget_type=\"image.default\">\n\t\t\t\t<div class=\"elementor-widget-container\">\n\t\t\t\t\t\t\t\t\t\t\t\t\t\t\t<img decoding=\"async\" src=\"https:\/\/kundaliniactivation.eu\/wp-content\/uploads\/elementor\/thumbs\/Captura-de-Tela-2025-04-19-as-19.10.48-r5uiw861t3mz7tl5dzskdd0e6kod3abb37b3v00q8o.png\" title=\"Captura de Tela 2025-04-19 \u00e0s 19.10.48\" alt=\"Captura de Tela 2025-04-19 a\u0300s 19.10.48\" loading=\"lazy\" \/>\t\t\t\t\t\t\t\t\t\t\t\t\t\t\t<\/div>\n\t\t\t\t<\/div>\n\t\t\t\t\t<\/div>\n\t\t<\/div>\n\t\t\t\t\t<\/div>\n\t\t<\/section>\n\t\t\t\t<div class=\"elementor-element elementor-element-790fffc5 sc_height_huge sc_fly_static elementor-widget elementor-widget-spacer\" data-id=\"790fffc5\" data-element_type=\"widget\" data-widget_type=\"spacer.default\">\n\t\t\t\t<div class=\"elementor-widget-container\">\n\t\t\t\t\t\t\t<div class=\"elementor-spacer\">\n\t\t\t<div class=\"elementor-spacer-inner\"><\/div>\n\t\t<\/div>\n\t\t\t\t\t\t<\/div>\n\t\t\t\t<\/div>\n\t\t\t\t\t<\/div>\n\t\t<\/div>\n\t\t\t\t<div class=\"elementor-column elementor-col-50 elementor-top-column elementor-element elementor-element-38aa35df sc_inner_width_1_2 sc_extra_bg_large_right sc-mobile_inner_width_none sc_content_align_inherit sc_layouts_column_icons_position_left sc_fly_static\" data-id=\"38aa35df\" data-element_type=\"column\" data-settings=\"{&quot;background_background&quot;:&quot;classic&quot;}\">\n\t\t\t<div class=\"elementor-widget-wrap elementor-element-populated\">\n\t\t\t\t\t\t<div data-animation-type=\"sequental\" data-animation-stagger=\"\" class=\"elementor-element elementor-element-eb5e974 animation_type_sequental sc_fly_static elementor-invisible elementor-widget elementor-widget-trx_sc_title\" data-id=\"eb5e974\" data-element_type=\"widget\" data-settings=\"{&quot;_animation&quot;:&quot;prophet-fadeinup&quot;,&quot;_animation_delay&quot;:100}\" data-widget_type=\"trx_sc_title.default\">\n\t\t\t\t<div class=\"elementor-widget-container\">\n\t\t\t\t\t<div\t\tclass=\"sc_title sc_title_default\" ><span class=\"sc_item_subtitle sc_title_subtitle sc_item_subtitle_above sc_item_title_style_default\">Ativa\u00e7\u00e3o da Kundalini em Munique<\/span><h1 class=\"sc_item_title sc_title_title sc_item_title_style_default sc_item_title_tag\"\n\t\t\t><span class=\"sc_item_title_text\">O que \u00e9 o processo de ativa\u00e7\u00e3o da Kundalini?<\/span><\/h1><\/div>\t\t\t\t<\/div>\n\t\t\t\t<\/div>\n\t\t\t\t<div class=\"elementor-element elementor-element-62b035cb sc_fly_static elementor-widget elementor-widget-spacer\" data-id=\"62b035cb\" data-element_type=\"widget\" data-widget_type=\"spacer.default\">\n\t\t\t\t<div class=\"elementor-widget-container\">\n\t\t\t\t\t\t\t<div class=\"elementor-spacer\">\n\t\t\t<div class=\"elementor-spacer-inner\"><\/div>\n\t\t<\/div>\n\t\t\t\t\t\t<\/div>\n\t\t\t\t<\/div>\n\t\t\t\t<div data-animation-type=\"block\" class=\"elementor-element elementor-element-3a01ceb1 animation_type_block sc_fly_static elementor-invisible elementor-widget elementor-widget-text-editor\" data-id=\"3a01ceb1\" data-element_type=\"widget\" data-settings=\"{&quot;_animation&quot;:&quot;prophet-fadeinup&quot;}\" data-widget_type=\"text-editor.default\">\n\t\t\t\t<div class=\"elementor-widget-container\">\n\t\t\t\t\t\t\t\t\t<p data-start=\"185\" data-end=\"394\">O processo de ativa\u00e7\u00e3o da Kundalini, guiado por <span class=\"hover:entity-accent entity-underline inline cursor-pointer align-baseline\"><span class=\"whitespace-normal\">Gy<\/span><\/span> e <span class=\"hover:entity-accent entity-underline inline cursor-pointer align-baseline\"><span class=\"whitespace-normal\">Raissa Fernanda<\/span><\/span>, \u00c9 uma experi\u00eancia energ\u00e9tica que permite ao corpo acessar suas pr\u00f3prias respostas naturais.<\/p><p data-start=\"396\" data-end=\"653\">Durante a sess\u00e3o, diferentes express\u00f5es podem surgir. Por vezes, o corpo pode mover-se por si s\u00f3, emo\u00e7\u00f5es podem aflorar ou estados internos mais profundos podem ser acessados. Algumas pessoas vivenciam libera\u00e7\u00f5es intensas, enquanto outras percebem clareza mental ou insights significativos.<\/p><p data-start=\"655\" data-end=\"724\">Essas experi\u00eancias fazem parte do processo, mas n\u00e3o s\u00e3o o objetivo final.<\/p><p data-start=\"726\" data-end=\"928\">Com sess\u00f5es repetidas, \u00e9 comum notar uma reorganiza\u00e7\u00e3o interna que afeta o sistema nervoso, a forma como a realidade \u00e9 percebida e como a pessoa se relaciona consigo mesma e com o mundo ao seu redor.<\/p><p data-start=\"930\" data-end=\"959\">A sess\u00e3o em si \u00e9 simples.<\/p><p data-start=\"961\" data-end=\"1154\">Voc\u00ea se deita enquanto a m\u00fasica guia o ambiente, e pontos espec\u00edficos do corpo s\u00e3o ativados por meio de toques sutis, especialmente em \u00e1reas conectadas aos chakras e aos canais de energia do corpo.<\/p><p data-start=\"1156\" data-end=\"1188\">Externamente, acontece muito pouco.<\/p><p data-start=\"1190\" data-end=\"1227\">Internamente, muita coisa pode come\u00e7ar a mudar.<\/p>\t\t\t\t\t\t\t\t<\/div>\n\t\t\t\t<\/div>\n\t\t\t\t<div class=\"elementor-element elementor-element-6522c247 sc_height_small sc_fly_static elementor-widget elementor-widget-spacer\" data-id=\"6522c247\" data-element_type=\"widget\" data-widget_type=\"spacer.default\">\n\t\t\t\t<div class=\"elementor-widget-container\">\n\t\t\t\t\t\t\t<div class=\"elementor-spacer\">\n\t\t\t<div class=\"elementor-spacer-inner\"><\/div>\n\t\t<\/div>\n\t\t\t\t\t\t<\/div>\n\t\t\t\t<\/div>\n\t\t\t\t<section class=\"elementor-section elementor-inner-section elementor-element elementor-element-0d1a9f2 elementor-section-boxed elementor-section-height-default elementor-section-height-default sc_fly_static\" data-id=\"0d1a9f2\" data-element_type=\"section\">\n\t\t\t\t\t\t<div class=\"elementor-container elementor-column-gap-extended\">\n\t\t\t\t\t<div class=\"elementor-column elementor-col-100 elementor-inner-column elementor-element elementor-element-6feb5ae sc_content_align_inherit sc_layouts_column_icons_position_left sc_fly_static\" data-id=\"6feb5ae\" data-element_type=\"column\">\n\t\t\t<div class=\"elementor-widget-wrap elementor-element-populated\">\n\t\t\t\t\t\t<div class=\"elementor-element elementor-element-e358439 elementor-align-justify sc_fly_static elementor-widget elementor-widget-button\" data-id=\"e358439\" data-element_type=\"widget\" data-widget_type=\"button.default\">\n\t\t\t\t<div class=\"elementor-widget-container\">\n\t\t\t\t\t\t\t\t\t<div class=\"elementor-button-wrapper\">\n\t\t\t\t\t<a class=\"elementor-button elementor-button-link elementor-size-sm\" href=\"https:\/\/www.instagram.com\/kundaliniactivationmunich\/\">\n\t\t\t\t\t\t<span class=\"elementor-button-content-wrapper\">\n\t\t\t\t\t\t<span class=\"elementor-button-icon\">\n\t\t\t\t<i aria-hidden=\"true\" class=\"fab fa-instagram\"><\/i>\t\t\t<\/span>\n\t\t\t\t\t\t\t\t\t<span class=\"elementor-button-text\">kundaliniactivationmunich<\/span>\n\t\t\t\t\t<\/span>\n\t\t\t\t\t<\/a>\n\t\t\t\t<\/div>\n\t\t\t\t\t\t\t\t<\/div>\n\t\t\t\t<\/div>\n\t\t\t\t\t<\/div>\n\t\t<\/div>\n\t\t\t\t\t<\/div>\n\t\t<\/section>\n\t\t\t\t\t<\/div>\n\t\t<\/div>\n\t\t\t\t\t<\/div>\n\t\t<\/section>\n\t\t\t\t<section class=\"elementor-section elementor-top-section elementor-element elementor-element-4011246 elementor-section-content-middle elementor-section-boxed elementor-section-height-default elementor-section-height-default sc_fly_static\" data-id=\"4011246\" data-element_type=\"section\" data-settings=\"{&quot;background_background&quot;:&quot;classic&quot;}\">\n\t\t\t\t\t\t<div class=\"elementor-container elementor-column-gap-extended\">\n\t\t\t\t\t<div class=\"elementor-column elementor-col-50 elementor-top-column elementor-element elementor-element-8518b3b sc_content_align_inherit sc_layouts_column_icons_position_left sc_fly_static\" data-id=\"8518b3b\" data-element_type=\"column\">\n\t\t\t<div class=\"elementor-widget-wrap elementor-element-populated\">\n\t\t\t\t\t\t<div data-animation-type=\"sequental\" data-animation-stagger=\"\" class=\"elementor-element elementor-element-b6cd0ad animation_type_sequental sc_fly_static elementor-invisible elementor-widget elementor-widget-trx_sc_title\" data-id=\"b6cd0ad\" data-element_type=\"widget\" data-settings=\"{&quot;_animation&quot;:&quot;prophet-fadeinup&quot;,&quot;_animation_delay&quot;:100}\" data-widget_type=\"trx_sc_title.default\">\n\t\t\t\t<div class=\"elementor-widget-container\">\n\t\t\t\t\t<div\t\tclass=\"sc_title sc_title_default\" ><h1 class=\"sc_item_title sc_title_title sc_item_title_style_default sc_item_title_tag\"\n\t\t\t><span class=\"sc_item_title_text\">Por que esse processo \u00e9 t\u00e3o profundo?<\/span><\/h1><\/div>\t\t\t\t<\/div>\n\t\t\t\t<\/div>\n\t\t\t\t<div class=\"elementor-element elementor-element-e910b8a sc_fly_static elementor-widget elementor-widget-spacer\" data-id=\"e910b8a\" data-element_type=\"widget\" data-widget_type=\"spacer.default\">\n\t\t\t\t<div class=\"elementor-widget-container\">\n\t\t\t\t\t\t\t<div class=\"elementor-spacer\">\n\t\t\t<div class=\"elementor-spacer-inner\"><\/div>\n\t\t<\/div>\n\t\t\t\t\t\t<\/div>\n\t\t\t\t<\/div>\n\t\t\t\t<div data-animation-type=\"block\" class=\"elementor-element elementor-element-76e4951 animation_type_block sc_fly_static elementor-invisible elementor-widget elementor-widget-text-editor\" data-id=\"76e4951\" data-element_type=\"widget\" data-settings=\"{&quot;_animation&quot;:&quot;prophet-fadeinup&quot;}\" data-widget_type=\"text-editor.default\">\n\t\t\t\t<div class=\"elementor-widget-container\">\n\t\t\t\t\t\t\t\t\t<p>Um processo energ\u00e9tico que inicia o despertar da Kundalini.<\/p>\t\t\t\t\t\t\t\t<\/div>\n\t\t\t\t<\/div>\n\t\t\t\t<div class=\"elementor-element elementor-element-ac815a8 sc_fly_static elementor-widget elementor-widget-spacer\" data-id=\"ac815a8\" data-element_type=\"widget\" data-widget_type=\"spacer.default\">\n\t\t\t\t<div class=\"elementor-widget-container\">\n\t\t\t\t\t\t\t<div class=\"elementor-spacer\">\n\t\t\t<div class=\"elementor-spacer-inner\"><\/div>\n\t\t<\/div>\n\t\t\t\t\t\t<\/div>\n\t\t\t\t<\/div>\n\t\t\t\t<div data-animation-type=\"block\" class=\"elementor-element elementor-element-9c0d2d5 animation_type_block sc_fly_static elementor-invisible elementor-widget elementor-widget-text-editor\" data-id=\"9c0d2d5\" data-element_type=\"widget\" data-settings=\"{&quot;_animation&quot;:&quot;prophet-fadeinup&quot;}\" data-widget_type=\"text-editor.default\">\n\t\t\t\t<div class=\"elementor-widget-container\">\n\t\t\t\t\t\t\t\t\t<p data-start=\"1268\" data-end=\"1323\">Este processo n\u00e3o depende de esfor\u00e7o ou controle mental.<\/p><p data-start=\"1325\" data-end=\"1554\">A ativa\u00e7\u00e3o se desenrola atrav\u00e9s de um fluxo energ\u00e9tico que percorre o corpo, passando por diferentes centros de energia, do topo da cabe\u00e7a at\u00e9 a base da coluna, criando um movimento interno que se aprofunda com o tempo.<\/p><p data-start=\"1556\" data-end=\"1626\">\u00c9 uma experi\u00eancia progressiva que respeita o ritmo de cada pessoa.<\/p><p data-start=\"1628\" data-end=\"1796\">Ao longo do processo, as pessoas podem notar uma percep\u00e7\u00e3o mais clara, maior sensibilidade, mudan\u00e7as na forma como se sentem e interpretam as situa\u00e7\u00f5es, e uma conex\u00e3o mais forte consigo mesmas.<\/p><p data-start=\"1798\" data-end=\"1870\">Mas a parte mais importante n\u00e3o \u00e9 apenas o que acontece durante a sess\u00e3o.<\/p><p data-start=\"1872\" data-end=\"1911\">\u00c9 o que come\u00e7a a mudar depois.<\/p><p data-start=\"1913\" data-end=\"2092\">Muitas pessoas relatam transforma\u00e7\u00f5es na forma como agem, escolhem e se posicionam na vida, juntamente com uma maior sensa\u00e7\u00e3o de alinhamento interior e presen\u00e7a em sua experi\u00eancia di\u00e1ria.<\/p><p data-start=\"2094\" data-end=\"2246\">Esse processo frequentemente se reflete em diferentes \u00e1reas da vida, influenciando decis\u00f5es, relacionamentos e a maneira como cada pessoa segue seu pr\u00f3prio caminho.<\/p>\t\t\t\t\t\t\t\t<\/div>\n\t\t\t\t<\/div>\n\t\t\t\t<div class=\"elementor-element elementor-element-ad8e60b sc_height_small sc_fly_static elementor-widget elementor-widget-spacer\" data-id=\"ad8e60b\" data-element_type=\"widget\" data-widget_type=\"spacer.default\">\n\t\t\t\t<div class=\"elementor-widget-container\">\n\t\t\t\t\t\t\t<div class=\"elementor-spacer\">\n\t\t\t<div class=\"elementor-spacer-inner\"><\/div>\n\t\t<\/div>\n\t\t\t\t\t\t<\/div>\n\t\t\t\t<\/div>\n\t\t\t\t<div data-animation-type=\"block\" class=\"elementor-element elementor-element-4ba537f animation_type_block sc_fly_static elementor-invisible elementor-widget elementor-widget-trx_sc_button\" data-id=\"4ba537f\" data-element_type=\"widget\" data-settings=\"{&quot;_animation&quot;:&quot;prophet-fadeinup&quot;}\" data-widget_type=\"trx_sc_button.default\">\n\t\t\t\t<div class=\"elementor-widget-container\">\n\t\t\t\t\t<div\tclass=\"sc_item_button sc_button_wrap sc_align_center\" ><a href=\"https:\/\/kundaliniactivation.eu\/booking\/\" class=\"sc_button sc_button_default sc_button_size_normal sc_button_icon_left\" ><span class=\"sc_button_text\"><span class=\"sc_button_title\">Agende sua sess\u00e3o<\/span><\/span><\/a><\/div>\t\t\t\t<\/div>\n\t\t\t\t<\/div>\n\t\t\t\t\t<\/div>\n\t\t<\/div>\n\t\t\t\t<div class=\"elementor-column elementor-col-50 elementor-top-column elementor-element elementor-element-23fe8ea sc_content_align_inherit sc_layouts_column_icons_position_left sc_fly_static\" data-id=\"23fe8ea\" data-element_type=\"column\">\n\t\t\t<div class=\"elementor-widget-wrap elementor-element-populated\">\n\t\t\t\t\t\t<section class=\"elementor-section elementor-inner-section elementor-element elementor-element-ee7aa45 elementor-section-content-bottom elementor-section-boxed elementor-section-height-default elementor-section-height-default sc_fly_static\" data-id=\"ee7aa45\" data-element_type=\"section\">\n\t\t\t\t\t\t<div class=\"elementor-container elementor-column-gap-no\">\n\t\t\t\t\t<div class=\"elementor-column elementor-col-100 elementor-inner-column elementor-element elementor-element-82c0389 sc_content_align_inherit sc_layouts_column_icons_position_left sc_fly_static\" data-id=\"82c0389\" data-element_type=\"column\">\n\t\t\t<div class=\"elementor-widget-wrap elementor-element-populated\">\n\t\t\t\t\t\t<div data-animation-type=\"block\" class=\"elementor-element elementor-element-6be76c0 elementor-widget__width-auto no-title animation_type_block sc_fly_static elementor-invisible elementor-widget elementor-widget-image\" data-id=\"6be76c0\" data-element_type=\"widget\" data-settings=\"{&quot;_animation&quot;:&quot;prophet-fadeinup&quot;}\" data-widget_type=\"image.default\">\n\t\t\t\t<div class=\"elementor-widget-container\">\n\t\t\t\t\t\t\t\t\t\t\t\t<figure class=\"wp-caption\">\n\t\t\t\t\t\t\t\t\t\t<img decoding=\"async\" src=\"https:\/\/kundaliniactivation.eu\/wp-content\/uploads\/elementor\/thumbs\/Sessao-de-kundalini-scaled-rloim4aekczan4eam9n5priru3sfww8vbf4iit6pec.jpg\" title=\"Sessao de kundalini\" alt=\"Sessao de kundalini\" loading=\"lazy\" \/>\t\t\t\t\t\t\t\t\t\t\t<figcaption class=\"widget-image-caption wp-caption-text\"><\/figcaption>\n\t\t\t\t\t\t\t\t\t\t<\/figure>\n\t\t\t\t\t\t\t\t\t<\/div>\n\t\t\t\t<\/div>\n\t\t\t\t<div data-animation-type=\"block\" class=\"elementor-element elementor-element-1a40b9e scheme_dark elementor-widget__width-initial elementor-absolute animation_type_block sc_fly_static elementor-invisible elementor-widget elementor-widget-heading\" data-id=\"1a40b9e\" data-element_type=\"widget\" data-settings=\"{&quot;_position&quot;:&quot;absolute&quot;,&quot;_animation&quot;:&quot;prophet-fadeinup&quot;}\" data-widget_type=\"heading.default\">\n\t\t\t\t<div class=\"elementor-widget-container\">\n\t\t\t\t\t<h3 class=\"elementor-heading-title elementor-size-default\">Um processo energ\u00e9tico que inicia o despertar da Kundalini.<\/h3>\t\t\t\t<\/div>\n\t\t\t\t<\/div>\n\t\t\t\t\t<\/div>\n\t\t<\/div>\n\t\t\t\t\t<\/div>\n\t\t<\/section>\n\t\t\t\t\t<\/div>\n\t\t<\/div>\n\t\t\t\t\t<\/div>\n\t\t<\/section>\n\t\t\t\t<\/div>","protected":false},"excerpt":{"rendered":"<p>Um processo energ\u00e9tico que inicia o despertar da Kundalini. Ativa\u00e7\u00e3o da Kundalini. Agende sua sess\u00e3o. Um processo energ\u00e9tico que inicia o despertar da Kundalini. Ativa\u00e7\u00e3o da Kundalini. Agende sua sess\u00e3o. Ativa\u00e7\u00e3o da Kundalini\u2026<\/p>","protected":false},"author":8,"featured_media":0,"parent":0,"menu_order":0,"comment_status":"closed","ping_status":"closed","template":"","meta":{"footnotes":""},"class_list":["post-17325","page","type-page","status-publish","hentry"],"_links":{"self":[{"href":"https:\/\/kundaliniactivation.eu\/pt\/wp-json\/wp\/v2\/pages\/17325","targetHints":{"allow":["GET"]}}],"collection":[{"href":"https:\/\/kundaliniactivation.eu\/pt\/wp-json\/wp\/v2\/pages"}],"about":[{"href":"https:\/\/kundaliniactivation.eu\/pt\/wp-json\/wp\/v2\/types\/page"}],"author":[{"embeddable":true,"href":"https:\/\/kundaliniactivation.eu\/pt\/wp-json\/wp\/v2\/users\/8"}],"replies":[{"embeddable":true,"href":"https:\/\/kundaliniactivation.eu\/pt\/wp-json\/wp\/v2\/comments?post=17325"}],"version-history":[{"count":170,"href":"https:\/\/kundaliniactivation.eu\/pt\/wp-json\/wp\/v2\/pages\/17325\/revisions"}],"predecessor-version":[{"id":21072,"href":"https:\/\/kundaliniactivation.eu\/pt\/wp-json\/wp\/v2\/pages\/17325\/revisions\/21072"}],"wp:attachment":[{"href":"https:\/\/kundaliniactivation.eu\/pt\/wp-json\/wp\/v2\/media?parent=17325"}],"curies":[{"name":"wp","href":"https:\/\/api.w.org\/{rel}","templated":true}]}}