{"id":17334,"date":"2022-04-23T11:09:04","date_gmt":"2022-04-23T11:09:04","guid":{"rendered":"https:\/\/kundaliniactivation.eu\/?page_id=17334"},"modified":"2026-04-08T08:26:20","modified_gmt":"2026-04-08T11:26:20","slug":"about-us","status":"publish","type":"page","link":"https:\/\/kundaliniactivation.eu\/pt\/about-us\/","title":{"rendered":"Sobre n\u00f3s"},"content":{"rendered":"<div data-elementor-type=\"wp-page\" data-elementor-id=\"17334\" class=\"elementor elementor-17334\" data-elementor-post-type=\"page\">\n\t\t\t\t\t\t<section class=\"elementor-section elementor-top-section elementor-element elementor-element-9745b29 elementor-section-boxed elementor-section-height-default elementor-section-height-default sc_fly_static\" data-id=\"9745b29\" data-element_type=\"section\">\n\t\t\t\t\t\t<div class=\"elementor-container elementor-column-gap-extended\">\n\t\t\t\t\t<div class=\"elementor-column elementor-col-100 elementor-top-column elementor-element elementor-element-a8885b7 sc_content_align_inherit sc_layouts_column_icons_position_left sc_fly_static\" data-id=\"a8885b7\" data-element_type=\"column\">\n\t\t\t<div class=\"elementor-widget-wrap\">\n\t\t\t\t\t\t\t<\/div>\n\t\t<\/div>\n\t\t\t\t\t<\/div>\n\t\t<\/section>\n\t\t\t\t<section class=\"elementor-section elementor-top-section elementor-element elementor-element-306d4bf elementor-section-boxed elementor-section-height-default elementor-section-height-default sc_fly_static\" data-id=\"306d4bf\" data-element_type=\"section\">\n\t\t\t\t\t\t<div class=\"elementor-container elementor-column-gap-extended\">\n\t\t\t\t\t<div class=\"elementor-column elementor-col-50 elementor-top-column elementor-element elementor-element-74d154b sc_content_align_inherit sc_layouts_column_icons_position_left sc_fly_static\" data-id=\"74d154b\" data-element_type=\"column\">\n\t\t\t<div class=\"elementor-widget-wrap elementor-element-populated\">\n\t\t\t\t\t\t<div class=\"elementor-element elementor-element-9b4d771 sc_layouts_hide_on_tablet sc_layouts_hide_on_mobile sc_fly_static elementor-widget elementor-widget-spacer\" data-id=\"9b4d771\" data-element_type=\"widget\" data-widget_type=\"spacer.default\">\n\t\t\t\t<div class=\"elementor-widget-container\">\n\t\t\t\t\t\t\t<div class=\"elementor-spacer\">\n\t\t\t<div class=\"elementor-spacer-inner\"><\/div>\n\t\t<\/div>\n\t\t\t\t\t\t<\/div>\n\t\t\t\t<\/div>\n\t\t\t\t<div class=\"elementor-element elementor-element-96035c5 sc_fly_static elementor-widget elementor-widget-trx_sc_title\" data-id=\"96035c5\" data-element_type=\"widget\" data-widget_type=\"trx_sc_title.default\">\n\t\t\t\t<div class=\"elementor-widget-container\">\n\t\t\t\t\t<div\t\tclass=\"sc_title sc_title_default\" ><span class=\"sc_item_subtitle sc_title_subtitle sc_item_subtitle_above sc_item_title_style_default\">Duas Almas, Uma Miss\u00e3o<\/span><\/div>\t\t\t\t<\/div>\n\t\t\t\t<\/div>\n\t\t\t\t<div class=\"elementor-element elementor-element-9ce634f sc_fly_static elementor-widget elementor-widget-heading\" data-id=\"9ce634f\" data-element_type=\"widget\" data-widget_type=\"heading.default\">\n\t\t\t\t<div class=\"elementor-widget-container\">\n\t\t\t\t\t<h1 class=\"elementor-heading-title elementor-size-default\"><a href=\"http:\/\/al\">Pessoas reais.<\/a><\/h1>\t\t\t\t<\/div>\n\t\t\t\t<\/div>\n\t\t\t\t<div class=\"elementor-element elementor-element-492aaf6 sc_fly_static elementor-widget elementor-widget-heading\" data-id=\"492aaf6\" data-element_type=\"widget\" data-widget_type=\"heading.default\">\n\t\t\t\t<div class=\"elementor-widget-container\">\n\t\t\t\t\t<h1 class=\"elementor-heading-title elementor-size-default\"><a href=\"http:\/\/al\">Energia Real.<\/a><\/h1>\t\t\t\t<\/div>\n\t\t\t\t<\/div>\n\t\t\t\t<div class=\"elementor-element elementor-element-36d6930 sc_fly_static elementor-widget elementor-widget-heading\" data-id=\"36d6930\" data-element_type=\"widget\" data-widget_type=\"heading.default\">\n\t\t\t\t<div class=\"elementor-widget-container\">\n\t\t\t\t\t<h1 class=\"elementor-heading-title elementor-size-default\"><a href=\"http:\/\/al\">Conex\u00e3o real.<\/a><\/h1>\t\t\t\t<\/div>\n\t\t\t\t<\/div>\n\t\t\t\t\t<\/div>\n\t\t<\/div>\n\t\t\t\t<div class=\"elementor-column elementor-col-50 elementor-top-column elementor-element elementor-element-0f6e05c sc_content_align_inherit sc_layouts_column_icons_position_left sc_fly_static\" data-id=\"0f6e05c\" data-element_type=\"column\">\n\t\t\t<div class=\"elementor-widget-wrap elementor-element-populated\">\n\t\t\t\t\t\t<div class=\"elementor-element elementor-element-1dd374be sc_layouts_hide_on_tablet sc_layouts_hide_on_mobile sc_fly_static elementor-widget elementor-widget-spacer\" data-id=\"1dd374be\" data-element_type=\"widget\" data-widget_type=\"spacer.default\">\n\t\t\t\t<div class=\"elementor-widget-container\">\n\t\t\t\t\t\t\t<div class=\"elementor-spacer\">\n\t\t\t<div class=\"elementor-spacer-inner\"><\/div>\n\t\t<\/div>\n\t\t\t\t\t\t<\/div>\n\t\t\t\t<\/div>\n\t\t\t\t<div class=\"elementor-element elementor-element-25da15f sc_fly_static elementor-widget elementor-widget-text-editor\" data-id=\"25da15f\" data-element_type=\"widget\" data-widget_type=\"text-editor.default\">\n\t\t\t\t<div class=\"elementor-widget-container\">\n\t\t\t\t\t\t\t\t\t<p data-start=\"125\" data-end=\"169\">N\u00f3s n\u00e3o apenas orientamos esse trabalho.<br data-start=\"155\" data-end=\"158\" \/>N\u00f3s vivemos isso.<\/p><p data-start=\"171\" data-end=\"502\">Somos brasileiros e moramos em <span class=\"hover:entity-accent entity-underline inline cursor-pointer align-baseline\"><span class=\"whitespace-normal\">Munique<\/span><\/span> por mais de 9 anos.<br data-start=\"267\" data-end=\"270\" \/>Hoje, realizamos sess\u00f5es presenciais em <span class=\"hover:entity-accent entity-underline inline cursor-pointer align-baseline\"><span class=\"whitespace-normal\">Munique<\/span><\/span>, <span class=\"hover:entity-accent entity-underline inline cursor-pointer align-baseline\"><span class=\"whitespace-normal\">Bali<\/span><\/span> e <span class=\"hover:entity-accent entity-underline inline cursor-pointer align-baseline\"><span class=\"whitespace-normal\">Recife<\/span><\/span>, E viajamos pelo mundo compartilhando essa experi\u00eancia onde quer que ela seja chamada.<\/p><p data-start=\"504\" data-end=\"652\">Nosso treinamento vem de <span class=\"hover:entity-accent entity-underline inline cursor-pointer align-baseline\"><span class=\"whitespace-normal\">Escola de Metamorfose<\/span><\/span>, com <span class=\"hover:entity-accent entity-underline inline cursor-pointer align-baseline\"><span class=\"whitespace-normal\">Ellie Petschek<\/span><\/span> e <span class=\"hover:entity-accent entity-underline inline cursor-pointer align-baseline\"><span class=\"whitespace-normal\">Bianca Timotheo<\/span><\/span>.<\/p><p data-start=\"654\" data-end=\"699\">Mas, mais do que treinamento, este \u00e9 um caminho a ser vivido.<\/p><p data-start=\"701\" data-end=\"831\">Um processo que percorre o corpo, altera a forma como a realidade \u00e9 percebida e n\u00e3o deixa espa\u00e7o para se apegar ao que n\u00e3o est\u00e1 alinhado.<\/p><p data-start=\"833\" data-end=\"1460\">Gy est\u00e1 em uma profunda jornada de cura e desenvolvimento atrav\u00e9s de pr\u00e1ticas energ\u00e9ticas h\u00e1 mais de 7 anos.<br data-start=\"932\" data-end=\"935\" \/>Ela possui certifica\u00e7\u00e3o em ThetaHealing e Access Bars e trabalha diretamente com clientes em intensos processos internos, com uma compreens\u00e3o apurada das din\u00e2micas emocionais, energ\u00e9ticas e inconscientes.<br data-start=\"1125\" data-end=\"1128\" \/>Sua trajet\u00f3ria inclui anos de estudo e pr\u00e1tica em diferentes abordagens, incluindo a hipnose, o que contribui para uma forma de orienta\u00e7\u00e3o que \u00e9 ao mesmo tempo estruturada e intuitiva.<br data-start=\"1302\" data-end=\"1305\" \/>Antes de se tornar facilitadora, ela vivenciou a Ativa\u00e7\u00e3o da Kundalini como participante durante 4 anos, o que agora fundamenta a maneira como conduz cada sess\u00e3o.<\/p><p data-start=\"1462\" data-end=\"1803\">Raissa traz uma forte conex\u00e3o intuitiva, com experi\u00eancias em mediunidade e estados alterados de consci\u00eancia, incluindo estados astrais, que ampliam a maneira como ela percebe e guia este trabalho.<br data-start=\"1656\" data-end=\"1659\" \/>Sua jornada com a Kundalini foi vivida intensamente ao longo dos anos, passando por profundos processos internos que agora fundamentam a maneira como ela facilita as sess\u00f5es.<\/p><p data-start=\"1805\" data-end=\"2013\">Gy e Raissa t\u00eam se dedicado ao aprofundamento cont\u00ednuo no processo de Kundalini h\u00e1 anos.<br data-start=\"1897\" data-end=\"1900\" \/>N\u00e3o como teoria, mas como uma experi\u00eancia real e concreta que muda a forma como as pessoas se sentem, percebem e se movem pela vida.<\/p><p data-start=\"2015\" data-end=\"2113\">Juntos, eles atuam como facilitadores de Ativa\u00e7\u00e3o da Kundalini, conduzindo sess\u00f5es individuais e em grupo.<\/p>\t\t\t\t\t\t\t\t<\/div>\n\t\t\t\t<\/div>\n\t\t\t\t<div class=\"elementor-element elementor-element-7c62153 sc_layouts_hide_on_tablet sc_layouts_hide_on_wide sc_layouts_hide_on_desktop sc_layouts_hide_on_notebook sc_fly_static elementor-widget elementor-widget-spacer\" data-id=\"7c62153\" data-element_type=\"widget\" data-widget_type=\"spacer.default\">\n\t\t\t\t<div class=\"elementor-widget-container\">\n\t\t\t\t\t\t\t<div class=\"elementor-spacer\">\n\t\t\t<div class=\"elementor-spacer-inner\"><\/div>\n\t\t<\/div>\n\t\t\t\t\t\t<\/div>\n\t\t\t\t<\/div>\n\t\t\t\t<div class=\"elementor-element elementor-element-0e1e8a0 sc_height_medium sc_layouts_hide_on_tablet sc_layouts_hide_on_mobile sc_fly_static elementor-widget elementor-widget-spacer\" data-id=\"0e1e8a0\" data-element_type=\"widget\" data-widget_type=\"spacer.default\">\n\t\t\t\t<div class=\"elementor-widget-container\">\n\t\t\t\t\t\t\t<div class=\"elementor-spacer\">\n\t\t\t<div class=\"elementor-spacer-inner\"><\/div>\n\t\t<\/div>\n\t\t\t\t\t\t<\/div>\n\t\t\t\t<\/div>\n\t\t\t\t\t<\/div>\n\t\t<\/div>\n\t\t\t\t\t<\/div>\n\t\t<\/section>\n\t\t\t\t<section class=\"elementor-section elementor-top-section elementor-element elementor-element-b724669 elementor-section-boxed elementor-section-height-default elementor-section-height-default sc_fly_static\" data-id=\"b724669\" data-element_type=\"section\">\n\t\t\t\t\t\t<div class=\"elementor-container elementor-column-gap-extended\">\n\t\t\t\t\t<div class=\"elementor-column elementor-col-50 elementor-top-column elementor-element elementor-element-0021906 sc_content_align_inherit sc_layouts_column_icons_position_left sc_fly_static\" data-id=\"0021906\" data-element_type=\"column\" data-settings=\"{&quot;background_background&quot;:&quot;classic&quot;}\">\n\t\t\t<div class=\"elementor-widget-wrap elementor-element-populated\">\n\t\t\t\t\t\t<div class=\"elementor-element elementor-element-9bcdb88 sc_fly_static elementor-widget elementor-widget-trx_sc_team\" data-id=\"9bcdb88\" data-element_type=\"widget\" data-widget_type=\"trx_sc_team.default\">\n\t\t\t\t<div class=\"elementor-widget-container\">\n\t\t\t\t\t<div \t\tclass=\"sc_team sc_team_3d\"><div class=\"sc_team_content sc_item_content sc_item_posts_container\"><div data-post-id=\"1644\" class=\"sc_team_item start-inner-3d sc_item_container post_container no_links post-1644 cpt_team type-cpt_team status-publish has-post-thumbnail hentry cpt_team_group-kundalini-activation-facilitator\">\n\t<div class=\"post_featured post_featured_bg sc_team_item_thumb trx_addons_hover trx_addons_hover_style_info_anim\"><span class=\"post_thumb\" style=\"background-image: url(https:\/\/kundaliniactivation.eu\/wp-content\/uploads\/2025\/04\/Captura-de-Tela-2025-04-19-as-18.59.48.png)\"><\/span><div class=\"trx_addons_hover_team\"><div class=\"sc_team_item_socials socials_wrap trx_addons_hover_info\"><a target=\"_blank\" rel=\"nofollow\" href=\"https:\/\/www.instagram.com\/cafecomgy\/\" class=\"social_item social_item_style_icons sc_icon_type_icons social_item_type_icons\"><span class=\"social_icon social_icon_instagram\" style=\"\"><span class=\"screen-reader-text\">Instagram<\/span><span class=\"icon-instagram\"><\/span><\/span><\/a><\/div><\/div><a class=\"post_link sc_team_item_link\" href=\"https:\/\/kundaliniactivation.eu\/pt\/team\/gilliany-almeida\/\"><\/a><div class=\"trx_addons_hover_mask\"><\/div><\/div>\t<div class=\"sc_team_item_info\">\n\t\t<div class=\"sc_team_item_header\">\n\t\t\t<h4 class=\"sc_team_item_title entry-title\"><a href=\"https:\/\/kundaliniactivation.eu\/pt\/team\/gilliany-almeida\/\">Gilliany Almeida (Gy)<\/a><\/h4>\n\t\t\t<div class=\"sc_team_item_subtitle\">Facilitadora de Ativa\u00e7\u00e3o da Kundalini e Videomaker<\/div>\t\t<\/div>\n\t<\/div>\n\n<\/div>\n<\/div><\/div>\t\t\t\t<\/div>\n\t\t\t\t<\/div>\n\t\t\t\t\t<\/div>\n\t\t<\/div>\n\t\t\t\t<div class=\"elementor-column elementor-col-50 elementor-top-column elementor-element elementor-element-0da97d4 sc_content_align_inherit sc_layouts_column_icons_position_left sc_fly_static\" data-id=\"0da97d4\" data-element_type=\"column\">\n\t\t\t<div class=\"elementor-widget-wrap elementor-element-populated\">\n\t\t\t\t\t\t<div class=\"elementor-element elementor-element-b42c310 sc_fly_static elementor-widget elementor-widget-trx_sc_team\" data-id=\"b42c310\" data-element_type=\"widget\" data-widget_type=\"trx_sc_team.default\">\n\t\t\t\t<div class=\"elementor-widget-container\">\n\t\t\t\t\t<div \t\tclass=\"sc_team sc_team_3d\"><div class=\"sc_team_content sc_item_content sc_item_posts_container\"><div data-post-id=\"1643\" class=\"sc_team_item start-inner-3d sc_item_container post_container no_links post-1643 cpt_team type-cpt_team status-publish has-post-thumbnail hentry cpt_team_group-kundalini-activation-facilitator\">\n\t<div class=\"post_featured post_featured_bg sc_team_item_thumb trx_addons_hover trx_addons_hover_style_info_anim\"><span class=\"post_thumb\" style=\"background-image: url(https:\/\/kundaliniactivation.eu\/wp-content\/uploads\/2025\/04\/Captura-de-Tela-2025-04-19-as-19.10.48.png)\"><\/span><div class=\"trx_addons_hover_team\"><div class=\"sc_team_item_socials socials_wrap trx_addons_hover_info\"><a target=\"_blank\" rel=\"nofollow\" href=\"https:\/\/www.instagram.com\/raissafernanda.11\/\" class=\"social_item social_item_style_icons sc_icon_type_icons social_item_type_icons\"><span class=\"social_icon social_icon_instagram\" style=\"\"><span class=\"screen-reader-text\">Instagram<\/span><span class=\"icon-instagram\"><\/span><\/span><\/a><\/div><\/div><a class=\"post_link sc_team_item_link\" href=\"https:\/\/kundaliniactivation.eu\/pt\/team\/raissa-fernanda\/\"><\/a><div class=\"trx_addons_hover_mask\"><\/div><\/div>\t<div class=\"sc_team_item_info\">\n\t\t<div class=\"sc_team_item_header\">\n\t\t\t<h4 class=\"sc_team_item_title entry-title\"><a href=\"https:\/\/kundaliniactivation.eu\/pt\/team\/raissa-fernanda\/\">Raissa Fernanda<\/a><\/h4>\n\t\t\t<div class=\"sc_team_item_subtitle\">Facilitadora de Ativa\u00e7\u00e3o da Kundalini e Webdesigner<\/div>\t\t<\/div>\n\t<\/div>\n\n<\/div>\n<\/div><\/div>\t\t\t\t<\/div>\n\t\t\t\t<\/div>\n\t\t\t\t\t<\/div>\n\t\t<\/div>\n\t\t\t\t\t<\/div>\n\t\t<\/section>\n\t\t\t\t<\/div>","protected":false},"excerpt":{"rendered":"<p>Two Souls, One Mission Real People. Real Energy. Real Connection. We don\u2019t just guide this work.We live it. We are Brazilian and have been living in Munich for over 9&hellip;<\/p>","protected":false},"author":8,"featured_media":0,"parent":0,"menu_order":0,"comment_status":"closed","ping_status":"closed","template":"","meta":{"footnotes":""},"class_list":["post-17334","page","type-page","status-publish","hentry"],"_links":{"self":[{"href":"https:\/\/kundaliniactivation.eu\/pt\/wp-json\/wp\/v2\/pages\/17334","targetHints":{"allow":["GET"]}}],"collection":[{"href":"https:\/\/kundaliniactivation.eu\/pt\/wp-json\/wp\/v2\/pages"}],"about":[{"href":"https:\/\/kundaliniactivation.eu\/pt\/wp-json\/wp\/v2\/types\/page"}],"author":[{"embeddable":true,"href":"https:\/\/kundaliniactivation.eu\/pt\/wp-json\/wp\/v2\/users\/8"}],"replies":[{"embeddable":true,"href":"https:\/\/kundaliniactivation.eu\/pt\/wp-json\/wp\/v2\/comments?post=17334"}],"version-history":[{"count":30,"href":"https:\/\/kundaliniactivation.eu\/pt\/wp-json\/wp\/v2\/pages\/17334\/revisions"}],"predecessor-version":[{"id":21062,"href":"https:\/\/kundaliniactivation.eu\/pt\/wp-json\/wp\/v2\/pages\/17334\/revisions\/21062"}],"wp:attachment":[{"href":"https:\/\/kundaliniactivation.eu\/pt\/wp-json\/wp\/v2\/media?parent=17334"}],"curies":[{"name":"wp","href":"https:\/\/api.w.org\/{rel}","templated":true}]}}