{"id":19163,"date":"2020-08-27T08:23:10","date_gmt":"2020-08-27T08:23:10","guid":{"rendered":"http:\/\/core\/privacy-policy\/"},"modified":"2026-01-10T09:47:07","modified_gmt":"2026-01-10T07:47:07","slug":"impressum","status":"publish","type":"page","link":"https:\/\/kundaliniactivation.eu\/pt\/impressum\/","title":{"rendered":"Impressum"},"content":{"rendered":"<div data-elementor-type=\"wp-page\" data-elementor-id=\"19163\" class=\"elementor elementor-19163\" data-elementor-post-type=\"page\">\n\t\t\t\t\t\t<section class=\"elementor-section elementor-top-section elementor-element elementor-element-4de060f4 elementor-section-boxed elementor-section-height-default elementor-section-height-default sc_fly_static\" data-id=\"4de060f4\" data-element_type=\"section\" data-settings=\"{&quot;background_background&quot;:&quot;classic&quot;}\">\n\t\t\t\t\t\t<div class=\"elementor-container elementor-column-gap-extended\">\n\t\t\t\t\t<div class=\"elementor-column elementor-col-100 elementor-top-column elementor-element elementor-element-5cfeb41d sc_content_align_inherit sc_layouts_column_icons_position_left sc_fly_static\" data-id=\"5cfeb41d\" data-element_type=\"column\">\n\t\t\t<div class=\"elementor-widget-wrap elementor-element-populated\">\n\t\t\t\t\t\t<div class=\"elementor-element elementor-element-5d29ff53 sc_fly_static elementor-widget elementor-widget-text-editor\" data-id=\"5d29ff53\" data-element_type=\"widget\" data-widget_type=\"text-editor.default\">\n\t\t\t\t<div class=\"elementor-widget-container\">\n\t\t\t\t\t\t\t\t\t<p data-start=\"528\" data-end=\"565\"><strong data-start=\"528\" data-end=\"541\">Impressum<\/strong><br data-start=\"541\" data-end=\"544\" \/>Informa\u00e7\u00f5es de acordo com o \u00a7 5 da TMG<\/p><p data-start=\"567\" data-end=\"653\"><strong data-start=\"567\" data-end=\"602\">Raissa Fernanda Barbosa Almeida<\/strong><br data-start=\"602\" data-end=\"605\" \/>Maillingerstra\u00dfe 4<br data-start=\"623\" data-end=\"626\" \/>80636 Munique<br data-start=\"639\" data-end=\"642\" \/>Alemanha<\/p><p data-start=\"655\" data-end=\"709\"><strong data-start=\"655\" data-end=\"675\">Vertreten durch:<\/strong><br data-start=\"675\" data-end=\"678\" \/>Raissa Fernanda Barbosa Almeida<\/p><p data-start=\"711\" data-end=\"788\"><strong data-start=\"711\" data-end=\"723\">Contato:<\/strong><br data-start=\"723\" data-end=\"726\" \/>Telefone: +49 89 95420136<br data-start=\"750\" data-end=\"753\" \/>E-mail: <a class=\"decorated-link cursor-pointer\" rel=\"noopener\" data-start=\"761\" data-end=\"788\">contact@raissa-fernanda.com<\/a><\/p><p data-start=\"790\" data-end=\"892\"><strong data-start=\"790\" data-end=\"810\">ID do Imposto sobre Vendas:<\/strong><br data-start=\"810\" data-end=\"813\" \/>Umsatzsteuer-Identifikationsnummer gem\u00e4\u00df \u00a727a Umsatzsteuergesetz: 144\/106\/71809<\/p><p data-start=\"894\" data-end=\"927\"><strong data-start=\"894\" data-end=\"913\">ID da empresa:<\/strong><br data-start=\"913\" data-end=\"916\" \/>DE343538593<\/p><p data-start=\"929\" data-end=\"1056\"><strong data-start=\"929\" data-end=\"985\">Verantwortlich f\u00fcr den Inhalt nach \u00a7 55 Abs. 2 RStV:<\/strong><br data-start=\"985\" data-end=\"988\" \/>Raissa Fernanda Barbosa Almeida<br data-start=\"1019\" data-end=\"1022\" \/>Maillingerstra\u00dfe 4<br data-start=\"1040\" data-end=\"1043\" \/>80636 Munique<\/p><h3 data-start=\"1058\" data-end=\"1080\">Haftungsauschluss<\/h3><p data-start=\"1082\" data-end=\"1860\"><strong data-start=\"1082\" data-end=\"1105\">Haftung f\u00fcr Inhalte<\/strong><br data-start=\"1105\" data-end=\"1108\" \/>Als Diensteanbieter sind wir gem\u00e4\u00df \u00a7 7 Abs. 1 TMG para cada pessoa inalada neste manual. Para o Richtigkeit, Vollst\u00e4ndigkeit e Aktualit\u00e4t der Inhalte \u00fcbernehmen wir jedoch keine Gew\u00e4hr. Nach \u00a7\u00a7 8 a 10 TMG n\u00e3o somos informados, \u00fcbermittelte ou gespeicherte fremde Informationen zu \u00fcberwachen ou nach Umst\u00e4nden zu forschen, die auf eine rechtswidrige T\u00e4tigkeit hinweisen. Verifique o in\u00edcio ou a execu\u00e7\u00e3o das informa\u00e7\u00f5es de informa\u00e7\u00f5es ap\u00f3s todas as informa\u00e7\u00f5es serem exibidas aqui. Eine Haftung ist erst ab dem Zeitpunkt der Kenntnis einer konkreten Rechtsverletzung m\u00f6glich. Bei Bekanntwerden entsprechender Rechtsverletzungen werden wir this Inhalte umgehend entfernen.<\/p><p data-start=\"1862\" data-end=\"2410\"><strong data-start=\"1862\" data-end=\"1883\">Haftung f\u00fcr Links<\/strong><br data-start=\"1883\" data-end=\"1886\" \/>Este site cont\u00e9m links para sites externos. Dritter, no qual voc\u00ea inalou, n\u00e3o teve nenhum fluxo. Para que esta ingest\u00e3o frequente n\u00e3o seja necess\u00e1ria. Para a consulta do site, voc\u00ea encontrar\u00e1 o an\u00fancio da joia ou a aposta v\u00e1lida. Zum Zeitpunkt der Verlinkung waren keine rechtswidrigen Inhalte erkennbar. Um controle de acesso permanente \u00e9 um ponto de verifica\u00e7\u00e3o permanente que n\u00e3o \u00e9 permitido. Bei Bekanntwerden von Rechtsverletzungen entfernen wir derartige Links umgehend.<\/p><p data-start=\"2412\" data-end=\"2757\"><strong data-start=\"2412\" data-end=\"2428\">Direito autoral<\/strong><br data-start=\"2428\" data-end=\"2431\" \/>Die durch die Seitenbetreiber erstellten Inhalte und Werke unterliegen dem deutschen Urheberrecht. Beitr\u00e4ge Dritter tamb\u00e9m \u00e9 uma solu\u00e7\u00e3o. Die Vervielf\u00e4ltigung, Bearbeitung, Verbreitung und jede Art der Verwertung au\u00dferhalb der Grenzen des Urheberrechts bed\u00fcrfen der schriftlichen Zustimmung der jeweiligen Urheberin.<\/p>\t\t\t\t\t\t\t\t<\/div>\n\t\t\t\t<\/div>\n\t\t\t\t\t<\/div>\n\t\t<\/div>\n\t\t\t\t\t<\/div>\n\t\t<\/section>\n\t\t\t\t<\/div>","protected":false},"excerpt":{"rendered":"<p>ImpressumAngaben gem\u00e4\u00df \u00a7 5 TMG Raissa Fernanda Barbosa AlmeidaMaillingerstra\u00dfe 480636 M\u00fcnchenDeutschland Vertreten durch:Raissa Fernanda Barbosa Almeida Kontakt:Telefon: +49 89 95420136E-Mail: contact@raissa-fernanda.com Umsatzsteuer-ID:Umsatzsteuer-Identifikationsnummer gem\u00e4\u00df \u00a727a Umsatzsteuergesetz: 144\/106\/71809 Wirtschafts-ID:DE343538593 Verantwortlich f\u00fcr den&hellip;<\/p>","protected":false},"author":8,"featured_media":0,"parent":0,"menu_order":0,"comment_status":"closed","ping_status":"closed","template":"","meta":{"footnotes":""},"class_list":["post-19163","page","type-page","status-publish","hentry"],"_links":{"self":[{"href":"https:\/\/kundaliniactivation.eu\/pt\/wp-json\/wp\/v2\/pages\/19163","targetHints":{"allow":["GET"]}}],"collection":[{"href":"https:\/\/kundaliniactivation.eu\/pt\/wp-json\/wp\/v2\/pages"}],"about":[{"href":"https:\/\/kundaliniactivation.eu\/pt\/wp-json\/wp\/v2\/types\/page"}],"author":[{"embeddable":true,"href":"https:\/\/kundaliniactivation.eu\/pt\/wp-json\/wp\/v2\/users\/8"}],"replies":[{"embeddable":true,"href":"https:\/\/kundaliniactivation.eu\/pt\/wp-json\/wp\/v2\/comments?post=19163"}],"version-history":[{"count":4,"href":"https:\/\/kundaliniactivation.eu\/pt\/wp-json\/wp\/v2\/pages\/19163\/revisions"}],"predecessor-version":[{"id":20945,"href":"https:\/\/kundaliniactivation.eu\/pt\/wp-json\/wp\/v2\/pages\/19163\/revisions\/20945"}],"wp:attachment":[{"href":"https:\/\/kundaliniactivation.eu\/pt\/wp-json\/wp\/v2\/media?parent=19163"}],"curies":[{"name":"wp","href":"https:\/\/api.w.org\/{rel}","templated":true}]}}