{"id":20569,"date":"2025-05-15T17:49:45","date_gmt":"2025-05-15T15:49:45","guid":{"rendered":"https:\/\/kundaliniactivation.eu\/?page_id=20569"},"modified":"2026-03-16T15:43:30","modified_gmt":"2026-03-16T18:43:30","slug":"bio","status":"publish","type":"page","link":"https:\/\/kundaliniactivation.eu\/pt\/bio\/","title":{"rendered":"BIO"},"content":{"rendered":"<div data-elementor-type=\"wp-page\" data-elementor-id=\"20569\" class=\"elementor elementor-20569\" data-elementor-post-type=\"page\">\n\t\t\t\t\t\t<section data-particle_enable=\"false\" data-particle-mobile-disabled=\"false\" class=\"elementor-section elementor-top-section elementor-element elementor-element-982b089 elementor-section-full_width elementor-section-height-min-height elementor-section-height-default elementor-section-items-middle sc_fly_static\" data-id=\"982b089\" data-element_type=\"section\" data-e-type=\"section\" data-settings=\"{&quot;background_background&quot;:&quot;classic&quot;}\">\n\t\t\t\t\t\t<div class=\"elementor-container elementor-column-gap-extended\">\n\t\t\t\t\t<div class=\"elementor-column elementor-col-100 elementor-top-column elementor-element elementor-element-b916dde sc_content_align_inherit sc_layouts_column_icons_position_left sc_fly_static\" data-id=\"b916dde\" data-element_type=\"column\" data-e-type=\"column\">\n\t\t\t<div class=\"elementor-widget-wrap elementor-element-populated\">\n\t\t\t\t\t\t<div class=\"elementor-element elementor-element-d5ae676 elementor-sticky sc_fly_static elementor-widget elementor-widget-image\" data-id=\"d5ae676\" data-element_type=\"widget\" data-e-type=\"widget\" data-settings=\"{&quot;_position&quot;:&quot;sticky&quot;}\" data-widget_type=\"image.default\">\n\t\t\t\t<div class=\"elementor-widget-container\">\n\t\t\t\t\t\t\t\t\t\t\t\t\t\t\t<img fetchpriority=\"high\" decoding=\"async\" width=\"1024\" height=\"1024\" src=\"https:\/\/kundaliniactivation.eu\/wp-content\/uploads\/2025\/05\/icon-kunAtivo-8-1024x1024.png\" class=\"attachment-large size-large wp-image-20505\" alt=\"Kundalini Activation by Gy &amp; Raissa\" srcset=\"https:\/\/kundaliniactivation.eu\/wp-content\/uploads\/2025\/05\/icon-kunAtivo-8-1024x1024.png 1024w, https:\/\/kundaliniactivation.eu\/wp-content\/uploads\/2025\/05\/icon-kunAtivo-8-300x300.png 300w, https:\/\/kundaliniactivation.eu\/wp-content\/uploads\/2025\/05\/icon-kunAtivo-8-150x150.png 150w, https:\/\/kundaliniactivation.eu\/wp-content\/uploads\/2025\/05\/icon-kunAtivo-8-768x768.png 768w, https:\/\/kundaliniactivation.eu\/wp-content\/uploads\/2025\/05\/icon-kunAtivo-8-1536x1536.png 1536w, https:\/\/kundaliniactivation.eu\/wp-content\/uploads\/2025\/05\/icon-kunAtivo-8-370x370.png 370w, https:\/\/kundaliniactivation.eu\/wp-content\/uploads\/2025\/05\/icon-kunAtivo-8-120x120.png 120w, https:\/\/kundaliniactivation.eu\/wp-content\/uploads\/2025\/05\/icon-kunAtivo-8-840x840.png 840w, https:\/\/kundaliniactivation.eu\/wp-content\/uploads\/2025\/05\/icon-kunAtivo-8-410x410.png 410w, https:\/\/kundaliniactivation.eu\/wp-content\/uploads\/2025\/05\/icon-kunAtivo-8-460x460.png 460w, https:\/\/kundaliniactivation.eu\/wp-content\/uploads\/2025\/05\/icon-kunAtivo-8-600x600.png 600w, https:\/\/kundaliniactivation.eu\/wp-content\/uploads\/2025\/05\/icon-kunAtivo-8.png 1654w\" sizes=\"(max-width: 1024px) 100vw, 1024px\" title=\"Ativa\u00e7\u00e3o da Kundalini por Gy e Raissa\">\t\t\t\t\t\t\t\t\t\t\t\t\t\t\t<\/div>\n\t\t\t\t<\/div>\n\t\t\t\t<section data-particle_enable=\"false\" data-particle-mobile-disabled=\"false\" class=\"elementor-section elementor-inner-section elementor-element elementor-element-2d82fd5 elementor-section-boxed elementor-section-height-default elementor-section-height-default sc_fly_static\" data-id=\"2d82fd5\" data-element_type=\"section\" data-e-type=\"section\">\n\t\t\t\t\t\t<div class=\"elementor-container elementor-column-gap-extended\">\n\t\t\t\t\t<div class=\"elementor-column elementor-col-100 elementor-inner-column elementor-element elementor-element-8d04710 sc_content_align_center sc_layouts_column_icons_position_left sc_fly_static\" data-id=\"8d04710\" data-element_type=\"column\" data-e-type=\"column\" data-settings=\"{&quot;background_background&quot;:&quot;classic&quot;}\">\n\t\t\t<div class=\"elementor-widget-wrap elementor-element-populated\">\n\t\t\t\t\t\t<div class=\"elementor-element elementor-element-6ce91db sc_fly_static elementor-widget elementor-widget-heading\" data-id=\"6ce91db\" data-element_type=\"widget\" data-e-type=\"widget\" data-widget_type=\"heading.default\">\n\t\t\t\t<div class=\"elementor-widget-container\">\n\t\t\t\t\t<h2 class=\"elementor-heading-title elementor-size-default\">Ativa\u00e7\u00e3o da Kundalini<\/h2>\t\t\t\t<\/div>\n\t\t\t\t<\/div>\n\t\t\t\t<div class=\"elementor-element elementor-element-5536ab7 sc_fly_static elementor-widget elementor-widget-text-editor\" data-id=\"5536ab7\" data-element_type=\"widget\" data-e-type=\"widget\" data-widget_type=\"text-editor.default\">\n\t\t\t\t<div class=\"elementor-widget-container\">\n\t\t\t\t\t\t\t\t\t<p>por Gy e Raissa<\/p>\t\t\t\t\t\t\t\t<\/div>\n\t\t\t\t<\/div>\n\t\t\t\t<div class=\"elementor-element elementor-element-5389465 sc_fly_static elementor-widget elementor-widget-text-editor\" data-id=\"5389465\" data-element_type=\"widget\" data-e-type=\"widget\" data-widget_type=\"text-editor.default\">\n\t\t\t\t<div class=\"elementor-widget-container\">\n\t\t\t\t\t\t\t\t\t<p>A ativa\u00e7\u00e3o da Kundalini n\u00e3o \u00e9 algo que \u201cfazemos\u201d.<br \/>\u00c9 algo que permitimos que aconte\u00e7a.<\/p>\t\t\t\t\t\t\t\t<\/div>\n\t\t\t\t<\/div>\n\t\t\t\t\t<\/div>\n\t\t<\/div>\n\t\t\t\t\t<\/div>\n\t\t<\/section>\n\t\t\t\t<div class=\"elementor-element elementor-element-5d95c85 elementor-align-justify elementor-mobile-align-justify sc_fly_static elementor-widget elementor-widget-button\" data-id=\"5d95c85\" data-element_type=\"widget\" data-e-type=\"widget\" data-widget_type=\"button.default\">\n\t\t\t\t<div class=\"elementor-widget-container\">\n\t\t\t\t\t\t\t\t\t<div class=\"elementor-button-wrapper\">\n\t\t\t\t\t<a class=\"elementor-button elementor-button-link elementor-size-sm\" href=\"https:\/\/kundaliniactivation.eu\/\">\n\t\t\t\t\t\t<span class=\"elementor-button-content-wrapper\">\n\t\t\t\t\t\t<span class=\"elementor-button-icon\">\n\t\t\t\t<i aria-hidden=\"true\" class=\"far fa-heart\"><\/i>\t\t\t<\/span>\n\t\t\t\t\t\t\t\t\t<span class=\"elementor-button-text\">Ativa\u00e7\u00e3o da Kundalini Website <\/span>\n\t\t\t\t\t<\/span>\n\t\t\t\t\t<\/a>\n\t\t\t\t<\/div>\n\t\t\t\t\t\t\t\t<\/div>\n\t\t\t\t<\/div>\n\t\t\t\t<div class=\"elementor-element elementor-element-e0cb524 elementor-align-justify elementor-mobile-align-justify sc_fly_static elementor-widget elementor-widget-button\" data-id=\"e0cb524\" data-element_type=\"widget\" data-e-type=\"widget\" data-widget_type=\"button.default\">\n\t\t\t\t<div class=\"elementor-widget-container\">\n\t\t\t\t\t\t\t\t\t<div class=\"elementor-button-wrapper\">\n\t\t\t\t\t<a class=\"elementor-button elementor-button-link elementor-size-sm\" href=\"https:\/\/kundaliniactivation.eu\/pt\/booking\/\">\n\t\t\t\t\t\t<span class=\"elementor-button-content-wrapper\">\n\t\t\t\t\t\t<span class=\"elementor-button-icon\">\n\t\t\t\t<i aria-hidden=\"true\" class=\"far fa-calendar-alt\"><\/i>\t\t\t<\/span>\n\t\t\t\t\t\t\t\t\t<span class=\"elementor-button-text\">ATIVA\u00c7\u00c3O DA KUNDALINI - 10.04 - PRESENCIAL EM RECIFE<\/span>\n\t\t\t\t\t<\/span>\n\t\t\t\t\t<\/a>\n\t\t\t\t<\/div>\n\t\t\t\t\t\t\t\t<\/div>\n\t\t\t\t<\/div>\n\t\t\t\t<div class=\"elementor-element elementor-element-ec432d8 elementor-align-justify elementor-mobile-align-justify sc_fly_static elementor-widget elementor-widget-button\" data-id=\"ec432d8\" data-element_type=\"widget\" data-e-type=\"widget\" data-widget_type=\"button.default\">\n\t\t\t\t<div class=\"elementor-widget-container\">\n\t\t\t\t\t\t\t\t\t<div class=\"elementor-button-wrapper\">\n\t\t\t\t\t<a class=\"elementor-button elementor-button-link elementor-size-sm\" href=\"https:\/\/wa.me\/4917661664653\" target=\"_blank\" rel=\"noopener\">\n\t\t\t\t\t\t<span class=\"elementor-button-content-wrapper\">\n\t\t\t\t\t\t<span class=\"elementor-button-icon\">\n\t\t\t\t<i aria-hidden=\"true\" class=\"fab fa-whatsapp\"><\/i>\t\t\t<\/span>\n\t\t\t\t\t\t\t\t\t<span class=\"elementor-button-text\">WhatsApp<\/span>\n\t\t\t\t\t<\/span>\n\t\t\t\t\t<\/a>\n\t\t\t\t<\/div>\n\t\t\t\t\t\t\t\t<\/div>\n\t\t\t\t<\/div>\n\t\t\t\t\t<\/div>\n\t\t<\/div>\n\t\t\t\t\t<\/div>\n\t\t<\/section>\n\t\t\t\t<\/div>","protected":false},"excerpt":{"rendered":"<p>Ativa\u00e7\u00e3o da Kundalini por Gy &amp; Raissa. A ativa\u00e7\u00e3o da Kundalini n\u00e3o \u00e9 algo que &quot;fazemos&quot;. \u00c9 algo que permitimos que aconte\u00e7a. Site de Ativa\u00e7\u00e3o da Kundalini. ATIVA\u00c7\u00c3O DA KUNDALINI \u2013 10.04 \u2013 PRESENCIAL EM RECIFE\u2026<\/p>","protected":false},"author":8,"featured_media":0,"parent":0,"menu_order":0,"comment_status":"closed","ping_status":"closed","template":"elementor_canvas","meta":{"footnotes":""},"class_list":["post-20569","page","type-page","status-publish","hentry"],"_links":{"self":[{"href":"https:\/\/kundaliniactivation.eu\/pt\/wp-json\/wp\/v2\/pages\/20569","targetHints":{"allow":["GET"]}}],"collection":[{"href":"https:\/\/kundaliniactivation.eu\/pt\/wp-json\/wp\/v2\/pages"}],"about":[{"href":"https:\/\/kundaliniactivation.eu\/pt\/wp-json\/wp\/v2\/types\/page"}],"author":[{"embeddable":true,"href":"https:\/\/kundaliniactivation.eu\/pt\/wp-json\/wp\/v2\/users\/8"}],"replies":[{"embeddable":true,"href":"https:\/\/kundaliniactivation.eu\/pt\/wp-json\/wp\/v2\/comments?post=20569"}],"version-history":[{"count":0,"href":"https:\/\/kundaliniactivation.eu\/pt\/wp-json\/wp\/v2\/pages\/20569\/revisions"}],"wp:attachment":[{"href":"https:\/\/kundaliniactivation.eu\/pt\/wp-json\/wp\/v2\/media?parent=20569"}],"curies":[{"name":"wp","href":"https:\/\/api.w.org\/{rel}","templated":true}]}}