{"id":20946,"date":"2026-01-10T09:48:37","date_gmt":"2026-01-10T07:48:37","guid":{"rendered":"https:\/\/kundaliniactivation.eu\/?page_id=20946"},"modified":"2026-01-10T09:49:50","modified_gmt":"2026-01-10T07:49:50","slug":"datenschutzerklarung","status":"publish","type":"page","link":"https:\/\/kundaliniactivation.eu\/pt\/datenschutzerklarung\/","title":{"rendered":"DATENSCHUTZERKL\u00c4RUNG"},"content":{"rendered":"<div data-elementor-type=\"wp-page\" data-elementor-id=\"20946\" class=\"elementor elementor-20946\" data-elementor-post-type=\"page\">\n\t\t\t\t\t\t<section class=\"elementor-section elementor-top-section elementor-element elementor-element-7df0728 elementor-section-boxed elementor-section-height-default elementor-section-height-default sc_fly_static\" data-id=\"7df0728\" data-element_type=\"section\">\n\t\t\t\t\t\t<div class=\"elementor-container elementor-column-gap-extended\">\n\t\t\t\t\t<div class=\"elementor-column elementor-col-100 elementor-top-column elementor-element elementor-element-9f1b926 sc_content_align_inherit sc_layouts_column_icons_position_left sc_fly_static\" data-id=\"9f1b926\" data-element_type=\"column\">\n\t\t\t<div class=\"elementor-widget-wrap elementor-element-populated\">\n\t\t\t\t\t\t<div class=\"elementor-element elementor-element-c5dc560 sc_fly_static elementor-widget elementor-widget-text-editor\" data-id=\"c5dc560\" data-element_type=\"widget\" data-widget_type=\"text-editor.default\">\n\t\t\t\t<div class=\"elementor-widget-container\">\n\t\t\t\t\t\t\t\t\t<h3 data-start=\"2792\" data-end=\"2821\">1. Verantwortliche Stelle<\/h3><p data-start=\"2822\" data-end=\"2856\">Verantwortlich im Sinne der DSGVO:<\/p><p data-start=\"2858\" data-end=\"2995\"><strong data-start=\"2858\" data-end=\"2893\">Raissa Fernanda Barbosa Almeida<\/strong><br data-start=\"2893\" data-end=\"2896\" \/>Maillingerstra\u00dfe 4<br data-start=\"2914\" data-end=\"2917\" \/>80636 Munique<br data-start=\"2930\" data-end=\"2933\" \/>Telefone: +49 89 95420136<br data-start=\"2957\" data-end=\"2960\" \/>E-mail: <a class=\"decorated-link cursor-pointer\" rel=\"noopener\" data-start=\"2968\" data-end=\"2995\">contact@raissa-fernanda.com<\/a><\/p><hr data-start=\"2997\" data-end=\"3000\" \/><h3 data-start=\"3002\" data-end=\"3020\">2. Seus direitos<\/h3><p data-start=\"3021\" data-end=\"3055\">Voc\u00ea tem o mesmo tempo do direito:<\/p><ul data-start=\"3057\" data-end=\"3295\"><li data-start=\"3057\" data-end=\"3089\"><p data-start=\"3059\" data-end=\"3089\">Auskunft gem\u00e4\u00df Art. 15 DSGVO<\/p><\/li><li data-start=\"3090\" data-end=\"3126\"><p data-start=\"3092\" data-end=\"3126\">Berichtigung gem\u00e4\u00df Art. 16 DSGVO<\/p><\/li><li data-start=\"3127\" data-end=\"3159\"><p data-start=\"3129\" data-end=\"3159\">L\u00f6schung gem\u00e4\u00df Art. 17 DSGVO<\/p><\/li><li data-start=\"3160\" data-end=\"3214\"><p data-start=\"3162\" data-end=\"3214\">Einschr\u00e4nkung der Verarbeitung gem\u00e4\u00df Art. 18 DSGVO<\/p><\/li><li data-start=\"3215\" data-end=\"3250\"><p data-start=\"3217\" data-end=\"3250\">Widerspruch gem\u00e4\u00df Art. 21 DSGVO<\/p><\/li><li data-start=\"3251\" data-end=\"3295\"><p data-start=\"3253\" data-end=\"3295\">Daten\u00fcbertragbarkeit gem\u00e4\u00df Art. 20 DSGVO<\/p><\/li><\/ul><p data-start=\"3297\" data-end=\"3471\">Voc\u00ea pode usar um tempo de opera\u00e7\u00e3o correto com Wirkung para o Zukunft Widerufen.<br data-start=\"3384\" data-end=\"3387\" \/>Zudem haben Sie das Recht, sich bei einer Datenschutzaufsichtsbeh\u00f6rde zu beschweren.<\/p><hr data-start=\"3473\" data-end=\"3476\" \/><h3 data-start=\"3478\" data-end=\"3518\">3. Atualiza\u00e7\u00e3o de dados e arquivos de log do servidor<\/h3><p data-start=\"3519\" data-end=\"3587\">Beim Besuch este site cont\u00e9m informa\u00e7\u00f5es autom\u00e1ticas:<\/p><ul data-start=\"3589\" data-end=\"3691\"><li data-start=\"3589\" data-end=\"3603\"><p data-start=\"3591\" data-end=\"3603\">Endere\u00e7o IP<\/p><\/li><li data-start=\"3604\" data-end=\"3630\"><p data-start=\"3606\" data-end=\"3630\">Tipo e vers\u00e3o do navegador<\/p><\/li><li data-start=\"3631\" data-end=\"3649\"><p data-start=\"3633\" data-end=\"3649\">Sistema de apostas<\/p><\/li><li data-start=\"3650\" data-end=\"3666\"><p data-start=\"3652\" data-end=\"3666\">URL de refer\u00eancia<\/p><\/li><li data-start=\"3667\" data-end=\"3691\"><p data-start=\"3669\" data-end=\"3691\">Uhrzeit des Zugriffs<\/p><\/li><\/ul><p data-start=\"3693\" data-end=\"3863\"><strong data-start=\"3693\" data-end=\"3713\">Fundamento jur\u00eddico:<\/strong> Artigo 6\u00ba, par\u00e1grafo 1, al\u00ednea f, do RGPD<br data-start=\"3740\" data-end=\"3743\" \/><strong data-start=\"3743\" data-end=\"3753\">Finalidade:<\/strong> Apostas, estabilidade e otimiza\u00e7\u00e3o do site<br data-start=\"3812\" data-end=\"3815\" \/><strong data-start=\"3815\" data-end=\"3833\">Tempo de armazenamento:<\/strong> M\u00e1ximo 14 dias, anonimizado<\/p><hr data-start=\"3865\" data-end=\"3868\" \/><h3 data-start=\"3870\" data-end=\"3884\">4. Biscoitos<\/h3><p data-start=\"3885\" data-end=\"3917\">Este site utiliza cookies.<\/p><ul data-start=\"3919\" data-end=\"4071\"><li data-start=\"3919\" data-end=\"3993\"><p data-start=\"3921\" data-end=\"3993\"><strong data-start=\"3921\" data-end=\"3953\">Cookies tecnicamente necess\u00e1rios<\/strong> para seguran\u00e7a da funcionalidade<\/p><\/li><li data-start=\"3994\" data-end=\"4071\"><p data-start=\"3996\" data-end=\"4071\"><strong data-start=\"3996\" data-end=\"4017\">Cookies opcionais<\/strong> (z. B. An\u00e1lise, Marketing) nur mit Ihrer Einwilligung<\/p><\/li><\/ul><p data-start=\"4073\" data-end=\"4125\">A verifica\u00e7\u00e3o \u00e9 realizada em uma ferramenta de consentimento de cookies.<\/p><p data-start=\"4127\" data-end=\"4238\"><strong data-start=\"4127\" data-end=\"4147\">Fundamento jur\u00eddico:<\/strong><br data-start=\"4147\" data-end=\"4150\" \/>Arte. 6 Abs. 1 aceso. f DSGVO (notwendig t\u00e9cnico)<br data-start=\"4198\" data-end=\"4201\" \/>Arte. 6 Abs. 1 aceso. um DSGVO (opcional)<\/p><hr data-start=\"4240\" data-end=\"4243\" \/><h3 data-start=\"4245\" data-end=\"4277\">5. Terminbuchung \u00fcber Amelia<\/h3><p data-start=\"4278\" data-end=\"4348\">Para o Buchung von Sessions sem usar o Plugin <strong data-start=\"4329\" data-end=\"4347\">Reservas Amelia<\/strong>.<\/p><p data-start=\"4350\" data-end=\"4369\">Dados processados:<\/p><ul data-start=\"4370\" data-end=\"4447\"><li data-start=\"4370\" data-end=\"4378\"><p data-start=\"4372\" data-end=\"4378\">Nome<\/p><\/li><li data-start=\"4379\" data-end=\"4397\"><p data-start=\"4381\" data-end=\"4397\">Endere\u00e7o de e-mail<\/p><\/li><li data-start=\"4398\" data-end=\"4415\"><p data-start=\"4400\" data-end=\"4415\">N\u00famero de telefone<\/p><\/li><li data-start=\"4416\" data-end=\"4447\"><p data-start=\"4418\" data-end=\"4447\">Detalhes do terminal e da reserva<\/p><\/li><\/ul><p data-start=\"4449\" data-end=\"4518\"><strong data-start=\"4449\" data-end=\"4469\">Fundamento jur\u00eddico:<\/strong><br data-start=\"4469\" data-end=\"4472\" \/>Arte. 6 Abs. 1 aceso. b DSGVO (Vertragserf\u00fcllung)<\/p><hr data-start=\"4520\" data-end=\"4523\" \/><h3 data-start=\"4525\" data-end=\"4550\">6. Zahlungsabwicklung<\/h3><p data-start=\"4551\" data-end=\"4637\">Zahlungen erfolgen \u00fcber <strong data-start=\"4575\" data-end=\"4590\">WooCommerce<\/strong> em Verbindung mit folgenden Zahlungsanbietern:<\/p><ul data-start=\"4639\" data-end=\"4697\"><li data-start=\"4639\" data-end=\"4649\"><p data-start=\"4641\" data-end=\"4649\">PayPal<\/p><\/li><li data-start=\"4650\" data-end=\"4660\"><p data-start=\"4652\" data-end=\"4660\">Klarna<\/p><\/li><li data-start=\"4661\" data-end=\"4676\"><p data-start=\"4663\" data-end=\"4676\">Cart\u00e3o de cr\u00e9dito<\/p><\/li><li data-start=\"4677\" data-end=\"4697\"><p data-start=\"4679\" data-end=\"4697\">Transfer\u00eancia SEPA<\/p><\/li><\/ul><p data-start=\"4699\" data-end=\"4815\">O Zahlungsabwicklung foi enviado diretamente para o an\u00fancio oficial. Wir speichern keine vollst\u00e4ndigen Zahlungsdaten.<\/p><p data-start=\"4817\" data-end=\"4866\"><strong data-start=\"4817\" data-end=\"4837\">Fundamento jur\u00eddico:<\/strong><br data-start=\"4837\" data-end=\"4840\" \/>Artigo 6\u00ba, par\u00e1grafo 1, al\u00ednea b, do RGPD<\/p><hr data-start=\"4868\" data-end=\"4871\" \/><h3 data-start=\"4873\" data-end=\"4896\">7. Google Analytics<\/h3><p data-start=\"4897\" data-end=\"4956\">Este site \u00e9 do Google Analytics com anonimato de IP.<\/p><p data-start=\"4958\" data-end=\"5128\"><strong data-start=\"4958\" data-end=\"4971\">Anbieter:<\/strong> Google LLC, EUA<br data-start=\"4987\" data-end=\"4990\" \/><strong data-start=\"4990\" data-end=\"5010\">Fundamento jur\u00eddico:<\/strong> Artigo 6\u00ba, par\u00e1grafo 1, al\u00ednea a, do RGPD<br data-start=\"5037\" data-end=\"5040\" \/><strong data-start=\"5040\" data-end=\"5058\">Tempo de armazenamento:<\/strong> 14 meses<br data-start=\"5068\" data-end=\"5071\" \/><strong data-start=\"5071\" data-end=\"5083\">Excluir:<\/strong> Sobre Cookie-Consent-Tool ou Browser-Plugin<\/p><hr data-start=\"5130\" data-end=\"5133\" \/><h3 data-start=\"5135\" data-end=\"5185\">8. Eingebettete Inhalte (YouTube, Google Maps)<\/h3><p data-start=\"5186\" data-end=\"5273\">Beim Aufruf eingebetteter Inhalte cann es zur Daten\u00fcbertragung an Google-Server kommen.<\/p><p data-start=\"5275\" data-end=\"5322\"><strong data-start=\"5275\" data-end=\"5295\">Fundamento jur\u00eddico:<\/strong> Artigo 6\u00ba, par\u00e1grafo 1, al\u00ednea a, do RGPD<\/p><hr data-start=\"5324\" data-end=\"5327\" \/><h3 data-start=\"5329\" data-end=\"5355\">9. SSL-Verschl\u00fcsselung<\/h3><p data-start=\"5356\" data-end=\"5439\">Este site n\u00e3o possui SSL-Verschl\u00fcsselung (HTTPS), um \u00fcbermittelte Daten zu sch\u00fctzen.<\/p><hr data-start=\"5441\" data-end=\"5444\" \/><h3 data-start=\"5446\" data-end=\"5471\">10. Direito de Reclama\u00e7\u00e3o<\/h3><p data-start=\"5472\" data-end=\"5579\">Sie haben das Recht, jederzeit gegen die Verarbeitung Ihrer personenbezogenen Daten Widerspruch einzulegen.<\/p><p data-start=\"5581\" data-end=\"5657\"><strong data-start=\"5581\" data-end=\"5593\">Contato:<\/strong><br data-start=\"5593\" data-end=\"5596\" \/>Raissa Fernanda Barbosa Almeida<br data-start=\"5627\" data-end=\"5630\" \/><a class=\"decorated-link cursor-pointer\" rel=\"noopener\" data-start=\"5630\" data-end=\"5657\">contact@raissa-fernanda.com<\/a><\/p>\t\t\t\t\t\t\t\t<\/div>\n\t\t\t\t<\/div>\n\t\t\t\t\t<\/div>\n\t\t<\/div>\n\t\t\t\t\t<\/div>\n\t\t<\/section>\n\t\t\t\t<\/div>","protected":false},"excerpt":{"rendered":"<p>1. Verantwortliche Stelle Verantwortlich im Sinne der DSGVO: Raissa Fernanda Barbosa AlmeidaMaillingerstra\u00dfe 480636 M\u00fcnchenTelefon: +49 89 95420136E-Mail: contact@raissa-fernanda.com 2. Ihre Rechte Sie haben jederzeit das Recht auf: Auskunft gem\u00e4\u00df Art.&hellip;<\/p>","protected":false},"author":8,"featured_media":0,"parent":0,"menu_order":0,"comment_status":"closed","ping_status":"closed","template":"","meta":{"footnotes":""},"class_list":["post-20946","page","type-page","status-publish","hentry"],"_links":{"self":[{"href":"https:\/\/kundaliniactivation.eu\/pt\/wp-json\/wp\/v2\/pages\/20946","targetHints":{"allow":["GET"]}}],"collection":[{"href":"https:\/\/kundaliniactivation.eu\/pt\/wp-json\/wp\/v2\/pages"}],"about":[{"href":"https:\/\/kundaliniactivation.eu\/pt\/wp-json\/wp\/v2\/types\/page"}],"author":[{"embeddable":true,"href":"https:\/\/kundaliniactivation.eu\/pt\/wp-json\/wp\/v2\/users\/8"}],"replies":[{"embeddable":true,"href":"https:\/\/kundaliniactivation.eu\/pt\/wp-json\/wp\/v2\/comments?post=20946"}],"version-history":[{"count":4,"href":"https:\/\/kundaliniactivation.eu\/pt\/wp-json\/wp\/v2\/pages\/20946\/revisions"}],"predecessor-version":[{"id":20950,"href":"https:\/\/kundaliniactivation.eu\/pt\/wp-json\/wp\/v2\/pages\/20946\/revisions\/20950"}],"wp:attachment":[{"href":"https:\/\/kundaliniactivation.eu\/pt\/wp-json\/wp\/v2\/media?parent=20946"}],"curies":[{"name":"wp","href":"https:\/\/api.w.org\/{rel}","templated":true}]}}