{"id":21017,"date":"2026-04-07T20:24:44","date_gmt":"2026-04-07T23:24:44","guid":{"rendered":"https:\/\/kundaliniactivation.eu\/?page_id=21017"},"modified":"2026-04-07T20:29:11","modified_gmt":"2026-04-07T23:29:11","slug":"kundalini-em-recife","status":"publish","type":"page","link":"https:\/\/kundaliniactivation.eu\/pt\/kundalini-em-recife\/","title":{"rendered":"Kundalini em Recife"},"content":{"rendered":"<div data-elementor-type=\"wp-page\" data-elementor-id=\"21017\" class=\"elementor elementor-21017\" data-elementor-post-type=\"page\">\n\t\t\t\t\t\t<section data-particle_enable=\"false\" data-particle-mobile-disabled=\"false\" class=\"elementor-section elementor-top-section elementor-element elementor-element-70c8f2e elementor-section-full_width elementor-section-height-full elementor-section-height-default elementor-section-items-middle sc_fly_static\" data-id=\"70c8f2e\" data-element_type=\"section\" data-e-type=\"section\" data-settings=\"{&quot;background_background&quot;:&quot;classic&quot;}\">\n\t\t\t\t\t\t<div class=\"elementor-container elementor-column-gap-extended\">\n\t\t\t\t\t<div class=\"elementor-column elementor-col-100 elementor-top-column elementor-element elementor-element-1948140 sc_content_align_inherit sc_layouts_column_icons_position_left sc_fly_static\" data-id=\"1948140\" data-element_type=\"column\" data-e-type=\"column\">\n\t\t\t<div class=\"elementor-widget-wrap elementor-element-populated\">\n\t\t\t\t\t\t<section data-particle_enable=\"false\" data-particle-mobile-disabled=\"false\" class=\"elementor-section elementor-inner-section elementor-element elementor-element-d91756f elementor-section-boxed elementor-section-height-default elementor-section-height-default sc_fly_static\" data-id=\"d91756f\" data-element_type=\"section\" data-e-type=\"section\">\n\t\t\t\t\t\t<div class=\"elementor-container elementor-column-gap-extended\">\n\t\t\t\t\t<div class=\"elementor-column elementor-col-50 elementor-inner-column elementor-element elementor-element-38d0c9f sc_content_align_inherit sc_layouts_column_icons_position_left sc_fly_static\" data-id=\"38d0c9f\" data-element_type=\"column\" data-e-type=\"column\">\n\t\t\t<div class=\"elementor-widget-wrap elementor-element-populated\">\n\t\t\t\t\t\t<div class=\"elementor-element elementor-element-a9ac960 sc_fly_static elementor-widget elementor-widget-heading\" data-id=\"a9ac960\" data-element_type=\"widget\" data-e-type=\"widget\" data-widget_type=\"heading.default\">\n\t\t\t\t<div class=\"elementor-widget-container\">\n\t\t\t\t\t<h2 class=\"elementor-heading-title elementor-size-default\">Voc\u00ea n\u00e3o clicou aqui por acaso.<\/h2>\t\t\t\t<\/div>\n\t\t\t\t<\/div>\n\t\t\t\t<div class=\"elementor-element elementor-element-c11bf87 sc_fly_static elementor-widget elementor-widget-heading\" data-id=\"c11bf87\" data-element_type=\"widget\" data-e-type=\"widget\" data-widget_type=\"heading.default\">\n\t\t\t\t<div class=\"elementor-widget-container\">\n\t\t\t\t\t<h2 class=\"elementor-heading-title elementor-size-default\">Talvez essa seja a sess\u00e3o que seu corpo estava pedindo.<\/h2>\t\t\t\t<\/div>\n\t\t\t\t<\/div>\n\t\t\t\t\t<\/div>\n\t\t<\/div>\n\t\t\t\t<div class=\"elementor-column elementor-col-50 elementor-inner-column elementor-element elementor-element-28e770f sc_content_align_inherit sc_layouts_column_icons_position_left sc_fly_static\" data-id=\"28e770f\" data-element_type=\"column\" data-e-type=\"column\">\n\t\t\t<div class=\"elementor-widget-wrap\">\n\t\t\t\t\t\t\t<\/div>\n\t\t<\/div>\n\t\t\t\t\t<\/div>\n\t\t<\/section>\n\t\t\t\t\t<\/div>\n\t\t<\/div>\n\t\t\t\t\t<\/div>\n\t\t<\/section>\n\t\t\t\t<\/div>","protected":false},"excerpt":{"rendered":"<p>Voc\u00ea n\u00e3o clicou aqui por acaso. Talvez essa seja a sess\u00e3o que seu corpo estava pedindo.<\/p>","protected":false},"author":8,"featured_media":0,"parent":0,"menu_order":0,"comment_status":"closed","ping_status":"closed","template":"elementor_canvas","meta":{"footnotes":""},"class_list":["post-21017","page","type-page","status-publish","hentry"],"_links":{"self":[{"href":"https:\/\/kundaliniactivation.eu\/pt\/wp-json\/wp\/v2\/pages\/21017","targetHints":{"allow":["GET"]}}],"collection":[{"href":"https:\/\/kundaliniactivation.eu\/pt\/wp-json\/wp\/v2\/pages"}],"about":[{"href":"https:\/\/kundaliniactivation.eu\/pt\/wp-json\/wp\/v2\/types\/page"}],"author":[{"embeddable":true,"href":"https:\/\/kundaliniactivation.eu\/pt\/wp-json\/wp\/v2\/users\/8"}],"replies":[{"embeddable":true,"href":"https:\/\/kundaliniactivation.eu\/pt\/wp-json\/wp\/v2\/comments?post=21017"}],"version-history":[{"count":0,"href":"https:\/\/kundaliniactivation.eu\/pt\/wp-json\/wp\/v2\/pages\/21017\/revisions"}],"wp:attachment":[{"href":"https:\/\/kundaliniactivation.eu\/pt\/wp-json\/wp\/v2\/media?parent=21017"}],"curies":[{"name":"wp","href":"https:\/\/api.w.org\/{rel}","templated":true}]}}